{"id":861,"date":"2019-02-18T21:23:18","date_gmt":"2019-02-18T21:23:18","guid":{"rendered":"https:\/\/clementdelpiano.com\/?page_id=861"},"modified":"2019-02-18T21:25:00","modified_gmt":"2019-02-18T21:25:00","slug":"formations-droit-de-la-sante","status":"publish","type":"page","link":"https:\/\/clementdelpiano.com\/?page_id=861","title":{"rendered":"Formations &#8211; Cabinet Cl\u00e9ment Delpiano"},"content":{"rendered":"\t\t<div data-elementor-type=\"wp-post\" data-elementor-id=\"861\" class=\"elementor elementor-861 elementor-bc-flex-widget\" data-elementor-post-type=\"page\">\n\t\t\t\t\t\t<section class=\"elementor-section elementor-top-section elementor-element elementor-element-1e81e808 elementor-section-content-middle elementor-section-height-min-height elementor-section-boxed elementor-section-height-default elementor-section-items-middle\" data-id=\"1e81e808\" data-element_type=\"section\" data-e-type=\"section\" data-settings=\"{&quot;background_background&quot;:&quot;classic&quot;}\">\n\t\t\t\t\t\t<div class=\"elementor-container elementor-column-gap-wide\">\n\t\t\t\t\t<div class=\"elementor-column elementor-col-33 elementor-top-column elementor-element elementor-element-6a1be9c9\" data-id=\"6a1be9c9\" data-element_type=\"column\" data-e-type=\"column\">\n\t\t\t<div class=\"elementor-widget-wrap\">\n\t\t\t\t\t\t\t<\/div>\n\t\t<\/div>\n\t\t\t\t<div class=\"elementor-column elementor-col-33 elementor-top-column elementor-element elementor-element-363e54ab\" data-id=\"363e54ab\" data-element_type=\"column\" data-e-type=\"column\">\n\t\t\t<div class=\"elementor-widget-wrap elementor-element-populated\">\n\t\t\t\t\t\t<div class=\"elementor-element elementor-element-4f063938 elementor-widget elementor-widget-image\" data-id=\"4f063938\" data-element_type=\"widget\" data-e-type=\"widget\" data-widget_type=\"image.default\">\n\t\t\t\t<div class=\"elementor-widget-container\">\n\t\t\t\t\t\t\t\t\t\t\t\t\t\t\t<img decoding=\"async\" width=\"114\" height=\"62\" src=\"https:\/\/clementdelpiano.com\/wp-content\/uploads\/2019\/01\/logo-delpiano-v2-2019.svg\" class=\"attachment-full size-full wp-image-399\" alt=\"\" \/>\t\t\t\t\t\t\t\t\t\t\t\t\t\t\t<\/div>\n\t\t\t\t<\/div>\n\t\t\t\t<div class=\"elementor-element elementor-element-27e64ca0 elementor-widget elementor-widget-heading\" data-id=\"27e64ca0\" data-element_type=\"widget\" data-e-type=\"widget\" data-widget_type=\"heading.default\">\n\t\t\t\t<div class=\"elementor-widget-container\">\n\t\t\t\t\t<h2 class=\"elementor-heading-title elementor-size-default\">Cl\u00e9ment - delpiano<\/h2>\t\t\t\t<\/div>\n\t\t\t\t<\/div>\n\t\t\t\t<div class=\"elementor-element elementor-element-30ad37e5 elementor-widget elementor-widget-heading\" data-id=\"30ad37e5\" data-element_type=\"widget\" data-e-type=\"widget\" data-widget_type=\"heading.default\">\n\t\t\t\t<div class=\"elementor-widget-container\">\n\t\t\t\t\t<h2 class=\"elementor-heading-title elementor-size-default\">Cabinet d'Avocats<\/h2>\t\t\t\t<\/div>\n\t\t\t\t<\/div>\n\t\t\t\t\t<\/div>\n\t\t<\/div>\n\t\t\t\t<div class=\"elementor-column elementor-col-33 elementor-top-column elementor-element elementor-element-4221c94\" data-id=\"4221c94\" data-element_type=\"column\" data-e-type=\"column\" data-settings=\"{&quot;background_background&quot;:&quot;classic&quot;}\">\n\t\t\t<div class=\"elementor-widget-wrap elementor-element-populated\">\n\t\t\t\t\t\t<div class=\"elementor-element elementor-element-38f3e584 e-grid-align-right elementor-hidden-phone elementor-hidden-tablet elementor-shape-rounded elementor-grid-0 elementor-widget elementor-widget-social-icons\" data-id=\"38f3e584\" data-element_type=\"widget\" data-e-type=\"widget\" data-widget_type=\"social-icons.default\">\n\t\t\t\t<div class=\"elementor-widget-container\">\n\t\t\t\t\t\t\t<div class=\"elementor-social-icons-wrapper elementor-grid\">\n\t\t\t\t\t\t\t<span class=\"elementor-grid-item\">\n\t\t\t\t\t<a class=\"elementor-icon elementor-social-icon elementor-social-icon-twitter elementor-repeater-item-5715dc9\" target=\"_blank\">\n\t\t\t\t\t\t<span class=\"elementor-screen-only\">Twitter<\/span>\n\t\t\t\t\t\t\t\t\t\t\t\t\t<i class=\"fa fa-twitter\" aria-hidden=\"true\"><\/i>\n\t\t\t\t\t\t\t\t\t\t\t<\/a>\n\t\t\t\t<\/span>\n\t\t\t\t\t<\/div>\n\t\t\t\t\t\t<\/div>\n\t\t\t\t<\/div>\n\t\t\t\t\t<\/div>\n\t\t<\/div>\n\t\t\t\t\t<\/div>\n\t\t<\/section>\n\t\t\t\t<nav class=\"elementor-section elementor-top-section elementor-element elementor-element-83fe44e elementor-section-height-full elementor-reverse-mobile elementor-section-items-top elementor-section-content-middle elementor-reverse-tablet elementor-section-boxed elementor-section-height-default\" data-id=\"83fe44e\" data-element_type=\"section\" data-e-type=\"section\" data-settings=\"{&quot;background_background&quot;:&quot;classic&quot;,&quot;shape_divider_top&quot;:&quot;curve-asymmetrical&quot;,&quot;shape_divider_bottom&quot;:&quot;waves&quot;}\">\n\t\t\t\t\t<div class=\"elementor-shape elementor-shape-top\" aria-hidden=\"true\" data-negative=\"false\">\n\t\t\t<svg xmlns=\"http:\/\/www.w3.org\/2000\/svg\" viewBox=\"0 0 1000 100\" preserveAspectRatio=\"none\">\n\t<path class=\"elementor-shape-fill\" d=\"M0,0c0,0,0,6,0,6.7c0,18,240.2,93.6,615.2,92.6C989.8,98.5,1000,25,1000,6.7c0-0.7,0-6.7,0-6.7H0z\"\/>\n<\/svg>\t\t<\/div>\n\t\t\t\t<div class=\"elementor-shape elementor-shape-bottom\" aria-hidden=\"true\" data-negative=\"false\">\n\t\t\t<svg xmlns=\"http:\/\/www.w3.org\/2000\/svg\" viewBox=\"0 0 1000 100\" preserveAspectRatio=\"none\">\n\t<path class=\"elementor-shape-fill\" d=\"M421.9,6.5c22.6-2.5,51.5,0.4,75.5,5.3c23.6,4.9,70.9,23.5,100.5,35.7c75.8,32.2,133.7,44.5,192.6,49.7\n\tc23.6,2.1,48.7,3.5,103.4-2.5c54.7-6,106.2-25.6,106.2-25.6V0H0v30.3c0,0,72,32.6,158.4,30.5c39.2-0.7,92.8-6.7,134-22.4\n\tc21.2-8.1,52.2-18.2,79.7-24.2C399.3,7.9,411.6,7.5,421.9,6.5z\"\/>\n<\/svg>\t\t<\/div>\n\t\t\t\t\t<div class=\"elementor-container elementor-column-gap-no\">\n\t\t\t\t\t<div class=\"elementor-column elementor-col-50 elementor-top-column elementor-element elementor-element-e9f6e92\" data-id=\"e9f6e92\" data-element_type=\"column\" data-e-type=\"column\" data-settings=\"{&quot;background_background&quot;:&quot;classic&quot;}\">\n\t\t\t<div class=\"elementor-widget-wrap elementor-element-populated\">\n\t\t\t\t\t\t<div class=\"elementor-element elementor-element-d7e22c0 elementor-widget elementor-widget-heading\" data-id=\"d7e22c0\" data-element_type=\"widget\" data-e-type=\"widget\" data-widget_type=\"heading.default\">\n\t\t\t\t<div class=\"elementor-widget-container\">\n\t\t\t\t\t<h2 class=\"elementor-heading-title elementor-size-default\">formations<\/h2>\t\t\t\t<\/div>\n\t\t\t\t<\/div>\n\t\t\t\t<div class=\"elementor-element elementor-element-6b5f19e elementor-widget elementor-widget-heading\" data-id=\"6b5f19e\" data-element_type=\"widget\" data-e-type=\"widget\" data-widget_type=\"heading.default\">\n\t\t\t\t<div class=\"elementor-widget-container\">\n\t\t\t\t\t<h2 class=\"elementor-heading-title elementor-size-default\">Le cabinet assure diff\u00e9rentes formations<\/h2>\t\t\t\t<\/div>\n\t\t\t\t<\/div>\n\t\t\t\t<div class=\"elementor-element elementor-element-02df36c elementor-widget elementor-widget-text-editor\" data-id=\"02df36c\" data-element_type=\"widget\" data-e-type=\"widget\" data-widget_type=\"text-editor.default\">\n\t\t\t\t<div class=\"elementor-widget-container\">\n\t\t\t\t\t\t\t\t\t<ul style=\"list-style-type: square;\"><li>Ressources humaines<\/li><li>Droit syndical<\/li><li>Affaires m\u00e9dicales<\/li><li>Actualit\u00e9 de la fonction publique<\/li><li>Droit des patients<\/li><li>Personnels contractuels de droit public<\/li><li>Responsabilit\u00e9 des directeurs<\/li><li>Responsabilit\u00e9 des soignants<\/li><li>Temps de travail<\/li><li>Activit\u00e9 lib\u00e9rale des praticiens hospitaliers<\/li><li>Exercice du droit syndical en \u00e9tablissement public<\/li><li>Autorisations sanitaires<\/li><li>Coop\u00e9ration inter-hospitali\u00e8re<\/li><\/ul>\t\t\t\t\t\t\t\t<\/div>\n\t\t\t\t<\/div>\n\t\t\t\t\t<\/div>\n\t\t<\/div>\n\t\t\t\t<div class=\"elementor-column elementor-col-50 elementor-top-column elementor-element elementor-element-18053b0e\" data-id=\"18053b0e\" data-element_type=\"column\" data-e-type=\"column\">\n\t\t\t<div class=\"elementor-widget-wrap elementor-element-populated\">\n\t\t\t\t\t\t<div class=\"elementor-element elementor-element-c2b0955 elementor-widget elementor-widget-image\" data-id=\"c2b0955\" data-element_type=\"widget\" data-e-type=\"widget\" data-widget_type=\"image.default\">\n\t\t\t\t<div class=\"elementor-widget-container\">\n\t\t\t\t\t\t\t\t\t\t\t\t\t\t\t<img fetchpriority=\"high\" decoding=\"async\" width=\"1000\" height=\"1000\" src=\"https:\/\/clementdelpiano.com\/wp-content\/uploads\/2019\/01\/ICON-MENU-HOPITAUX.svg\" class=\"attachment-full size-full wp-image-544\" alt=\"\" \/>\t\t\t\t\t\t\t\t\t\t\t\t\t\t\t<\/div>\n\t\t\t\t<\/div>\n\t\t\t\t\t<\/div>\n\t\t<\/div>\n\t\t\t\t\t<\/div>\n\t\t<\/nav>\n\t\t\t\t<\/div>\n\t\t","protected":false},"excerpt":{"rendered":"<p>Cl\u00e9ment &#8211; delpiano Cabinet d&rsquo;Avocats Twitter formations Le cabinet assure diff\u00e9rentes formations Ressources humaines Droit syndical Affaires m\u00e9dicales Actualit\u00e9 de la fonction publique Droit des patients Personnels contractuels de droit public Responsabilit\u00e9 des directeurs Responsabilit\u00e9 des soignants Temps de travail Activit\u00e9 lib\u00e9rale des praticiens hospitaliers Exercice du droit syndical en \u00e9tablissement public Autorisations sanitaires Coop\u00e9ration [&hellip;]<\/p>\n","protected":false},"author":1,"featured_media":0,"parent":0,"menu_order":0,"comment_status":"closed","ping_status":"closed","template":"elementor_canvas","meta":{"ocean_post_layout":"full-width","ocean_both_sidebars_style":"","ocean_both_sidebars_content_width":0,"ocean_both_sidebars_sidebars_width":0,"ocean_sidebar":"0","ocean_second_sidebar":"0","ocean_disable_margins":"enable","ocean_add_body_class":"","ocean_shortcode_before_top_bar":"","ocean_shortcode_after_top_bar":"","ocean_shortcode_before_header":"","ocean_shortcode_after_header":"","ocean_has_shortcode":"","ocean_shortcode_after_title":"","ocean_shortcode_before_footer_widgets":"","ocean_shortcode_after_footer_widgets":"","ocean_shortcode_before_footer_bottom":"","ocean_shortcode_after_footer_bottom":"","ocean_display_top_bar":"default","ocean_display_header":"default","ocean_header_style":"","ocean_center_header_left_menu":"0","ocean_custom_header_template":"0","ocean_custom_logo":0,"ocean_custom_retina_logo":0,"ocean_custom_logo_max_width":0,"ocean_custom_logo_tablet_max_width":0,"ocean_custom_logo_mobile_max_width":0,"ocean_custom_logo_max_height":0,"ocean_custom_logo_tablet_max_height":0,"ocean_custom_logo_mobile_max_height":0,"ocean_header_custom_menu":"0","ocean_menu_typo_font_family":"0","ocean_menu_typo_font_subset":"","ocean_menu_typo_font_size":0,"ocean_menu_typo_font_size_tablet":0,"ocean_menu_typo_font_size_mobile":0,"ocean_menu_typo_font_size_unit":"px","ocean_menu_typo_font_weight":"","ocean_menu_typo_font_weight_tablet":"","ocean_menu_typo_font_weight_mobile":"","ocean_menu_typo_transform":"","ocean_menu_typo_transform_tablet":"","ocean_menu_typo_transform_mobile":"","ocean_menu_typo_line_height":0,"ocean_menu_typo_line_height_tablet":0,"ocean_menu_typo_line_height_mobile":0,"ocean_menu_typo_line_height_unit":"","ocean_menu_typo_spacing":0,"ocean_menu_typo_spacing_tablet":0,"ocean_menu_typo_spacing_mobile":0,"ocean_menu_typo_spacing_unit":"","ocean_menu_link_color":"","ocean_menu_link_color_hover":"","ocean_menu_link_color_active":"","ocean_menu_link_background":"","ocean_menu_link_hover_background":"","ocean_menu_link_active_background":"","ocean_menu_social_links_bg":"","ocean_menu_social_hover_links_bg":"","ocean_menu_social_links_color":"","ocean_menu_social_hover_links_color":"","ocean_disable_title":"default","ocean_disable_heading":"default","ocean_post_title":"","ocean_post_subheading":"","ocean_post_title_style":"","ocean_post_title_background_color":"","ocean_post_title_background":0,"ocean_post_title_bg_image_position":"","ocean_post_title_bg_image_attachment":"","ocean_post_title_bg_image_repeat":"","ocean_post_title_bg_image_size":"","ocean_post_title_height":0,"ocean_post_title_bg_overlay":0.5,"ocean_post_title_bg_overlay_color":"","ocean_disable_breadcrumbs":"default","ocean_breadcrumbs_color":"","ocean_breadcrumbs_separator_color":"","ocean_breadcrumbs_links_color":"","ocean_breadcrumbs_links_hover_color":"","ocean_display_footer_widgets":"default","ocean_display_footer_bottom":"default","ocean_custom_footer_template":"0","footnotes":""},"class_list":["post-861","page","type-page","status-publish","hentry","entry","owp-thumbs-layout-horizontal","owp-btn-normal","owp-tabs-layout-horizontal","has-no-thumbnails","has-product-nav"],"yoast_head":"<!-- This site is optimized with the Yoast SEO plugin v27.5 - https:\/\/yoast.com\/product\/yoast-seo-wordpress\/ -->\n<title>Formations - Cabinet Cl\u00e9ment Delpiano - Cabinet Cl\u00e9ment Delpiano<\/title>\n<meta name=\"robots\" content=\"index, follow, max-snippet:-1, max-image-preview:large, max-video-preview:-1\" \/>\n<link rel=\"canonical\" href=\"https:\/\/clementdelpiano.com\/?page_id=861\" \/>\n<meta property=\"og:locale\" content=\"fr_FR\" \/>\n<meta property=\"og:type\" content=\"article\" \/>\n<meta property=\"og:title\" content=\"Formations - Cabinet Cl\u00e9ment Delpiano - Cabinet Cl\u00e9ment Delpiano\" \/>\n<meta property=\"og:description\" content=\"Cl\u00e9ment &#8211; delpiano Cabinet d&rsquo;Avocats Twitter formations Le cabinet assure diff\u00e9rentes formations Ressources humaines Droit syndical Affaires m\u00e9dicales Actualit\u00e9 de la fonction publique Droit des patients Personnels contractuels de droit public Responsabilit\u00e9 des directeurs Responsabilit\u00e9 des soignants Temps de travail Activit\u00e9 lib\u00e9rale des praticiens hospitaliers Exercice du droit syndical en \u00e9tablissement public Autorisations sanitaires Coop\u00e9ration [&hellip;]\" \/>\n<meta property=\"og:url\" content=\"https:\/\/clementdelpiano.com\/?page_id=861\" \/>\n<meta property=\"og:site_name\" content=\"Cabinet Cl\u00e9ment Delpiano\" \/>\n<meta property=\"article:modified_time\" content=\"2019-02-18T21:25:00+00:00\" \/>\n<meta property=\"og:image\" content=\"http:\/\/clementdelpiano.com\/wp-content\/uploads\/2019\/01\/logo-delpiano-v2-2019.svg\" \/>\n<meta name=\"twitter:card\" content=\"summary_large_image\" \/>\n<script type=\"application\/ld+json\" class=\"yoast-schema-graph\">{\"@context\":\"https:\\\/\\\/schema.org\",\"@graph\":[{\"@type\":\"WebPage\",\"@id\":\"https:\\\/\\\/clementdelpiano.com\\\/?page_id=861\",\"url\":\"https:\\\/\\\/clementdelpiano.com\\\/?page_id=861\",\"name\":\"Formations - Cabinet Cl\u00e9ment Delpiano - Cabinet Cl\u00e9ment Delpiano\",\"isPartOf\":{\"@id\":\"https:\\\/\\\/clementdelpiano.com\\\/#website\"},\"primaryImageOfPage\":{\"@id\":\"https:\\\/\\\/clementdelpiano.com\\\/?page_id=861#primaryimage\"},\"image\":{\"@id\":\"https:\\\/\\\/clementdelpiano.com\\\/?page_id=861#primaryimage\"},\"thumbnailUrl\":\"http:\\\/\\\/clementdelpiano.com\\\/wp-content\\\/uploads\\\/2019\\\/01\\\/logo-delpiano-v2-2019.svg\",\"datePublished\":\"2019-02-18T21:23:18+00:00\",\"dateModified\":\"2019-02-18T21:25:00+00:00\",\"breadcrumb\":{\"@id\":\"https:\\\/\\\/clementdelpiano.com\\\/?page_id=861#breadcrumb\"},\"inLanguage\":\"fr-FR\",\"potentialAction\":[{\"@type\":\"ReadAction\",\"target\":[\"https:\\\/\\\/clementdelpiano.com\\\/?page_id=861\"]}]},{\"@type\":\"ImageObject\",\"inLanguage\":\"fr-FR\",\"@id\":\"https:\\\/\\\/clementdelpiano.com\\\/?page_id=861#primaryimage\",\"url\":\"https:\\\/\\\/clementdelpiano.com\\\/wp-content\\\/uploads\\\/2019\\\/01\\\/logo-delpiano-v2-2019.svg\",\"contentUrl\":\"https:\\\/\\\/clementdelpiano.com\\\/wp-content\\\/uploads\\\/2019\\\/01\\\/logo-delpiano-v2-2019.svg\"},{\"@type\":\"BreadcrumbList\",\"@id\":\"https:\\\/\\\/clementdelpiano.com\\\/?page_id=861#breadcrumb\",\"itemListElement\":[{\"@type\":\"ListItem\",\"position\":1,\"name\":\"Home\",\"item\":\"https:\\\/\\\/clementdelpiano.com\\\/\"},{\"@type\":\"ListItem\",\"position\":2,\"name\":\"Formations &#8211; Cabinet Cl\u00e9ment Delpiano\"}]},{\"@type\":\"WebSite\",\"@id\":\"https:\\\/\\\/clementdelpiano.com\\\/#website\",\"url\":\"https:\\\/\\\/clementdelpiano.com\\\/\",\"name\":\"Maitre Clarisse SURIN\",\"description\":\"Droit de la sant\u00e9\",\"publisher\":{\"@id\":\"https:\\\/\\\/clementdelpiano.com\\\/#organization\"},\"potentialAction\":[{\"@type\":\"SearchAction\",\"target\":{\"@type\":\"EntryPoint\",\"urlTemplate\":\"https:\\\/\\\/clementdelpiano.com\\\/?s={search_term_string}\"},\"query-input\":{\"@type\":\"PropertyValueSpecification\",\"valueRequired\":true,\"valueName\":\"search_term_string\"}}],\"inLanguage\":\"fr-FR\"},{\"@type\":\"Organization\",\"@id\":\"https:\\\/\\\/clementdelpiano.com\\\/#organization\",\"name\":\"Cabinet Clarisse SURIN\",\"url\":\"https:\\\/\\\/clementdelpiano.com\\\/\",\"logo\":{\"@type\":\"ImageObject\",\"inLanguage\":\"fr-FR\",\"@id\":\"https:\\\/\\\/clementdelpiano.com\\\/#\\\/schema\\\/logo\\\/image\\\/\",\"url\":\"http:\\\/\\\/clementdelpiano.com\\\/wp-content\\\/uploads\\\/2018\\\/05\\\/Logo-clarisse-surin-classic.svg\",\"contentUrl\":\"http:\\\/\\\/clementdelpiano.com\\\/wp-content\\\/uploads\\\/2018\\\/05\\\/Logo-clarisse-surin-classic.svg\",\"width\":1024,\"height\":350,\"caption\":\"Cabinet Clarisse SURIN\"},\"image\":{\"@id\":\"https:\\\/\\\/clementdelpiano.com\\\/#\\\/schema\\\/logo\\\/image\\\/\"}}]}<\/script>\n<!-- \/ Yoast SEO plugin. -->","yoast_head_json":{"title":"Formations - Cabinet Cl\u00e9ment Delpiano - Cabinet Cl\u00e9ment Delpiano","robots":{"index":"index","follow":"follow","max-snippet":"max-snippet:-1","max-image-preview":"max-image-preview:large","max-video-preview":"max-video-preview:-1"},"canonical":"https:\/\/clementdelpiano.com\/?page_id=861","og_locale":"fr_FR","og_type":"article","og_title":"Formations - Cabinet Cl\u00e9ment Delpiano - Cabinet Cl\u00e9ment Delpiano","og_description":"Cl\u00e9ment &#8211; delpiano Cabinet d&rsquo;Avocats Twitter formations Le cabinet assure diff\u00e9rentes formations Ressources humaines Droit syndical Affaires m\u00e9dicales Actualit\u00e9 de la fonction publique Droit des patients Personnels contractuels de droit public Responsabilit\u00e9 des directeurs Responsabilit\u00e9 des soignants Temps de travail Activit\u00e9 lib\u00e9rale des praticiens hospitaliers Exercice du droit syndical en \u00e9tablissement public Autorisations sanitaires Coop\u00e9ration [&hellip;]","og_url":"https:\/\/clementdelpiano.com\/?page_id=861","og_site_name":"Cabinet Cl\u00e9ment Delpiano","article_modified_time":"2019-02-18T21:25:00+00:00","og_image":[{"url":"http:\/\/clementdelpiano.com\/wp-content\/uploads\/2019\/01\/logo-delpiano-v2-2019.svg","type":"","width":"","height":""}],"twitter_card":"summary_large_image","schema":{"@context":"https:\/\/schema.org","@graph":[{"@type":"WebPage","@id":"https:\/\/clementdelpiano.com\/?page_id=861","url":"https:\/\/clementdelpiano.com\/?page_id=861","name":"Formations - Cabinet Cl\u00e9ment Delpiano - Cabinet Cl\u00e9ment Delpiano","isPartOf":{"@id":"https:\/\/clementdelpiano.com\/#website"},"primaryImageOfPage":{"@id":"https:\/\/clementdelpiano.com\/?page_id=861#primaryimage"},"image":{"@id":"https:\/\/clementdelpiano.com\/?page_id=861#primaryimage"},"thumbnailUrl":"http:\/\/clementdelpiano.com\/wp-content\/uploads\/2019\/01\/logo-delpiano-v2-2019.svg","datePublished":"2019-02-18T21:23:18+00:00","dateModified":"2019-02-18T21:25:00+00:00","breadcrumb":{"@id":"https:\/\/clementdelpiano.com\/?page_id=861#breadcrumb"},"inLanguage":"fr-FR","potentialAction":[{"@type":"ReadAction","target":["https:\/\/clementdelpiano.com\/?page_id=861"]}]},{"@type":"ImageObject","inLanguage":"fr-FR","@id":"https:\/\/clementdelpiano.com\/?page_id=861#primaryimage","url":"https:\/\/clementdelpiano.com\/wp-content\/uploads\/2019\/01\/logo-delpiano-v2-2019.svg","contentUrl":"https:\/\/clementdelpiano.com\/wp-content\/uploads\/2019\/01\/logo-delpiano-v2-2019.svg"},{"@type":"BreadcrumbList","@id":"https:\/\/clementdelpiano.com\/?page_id=861#breadcrumb","itemListElement":[{"@type":"ListItem","position":1,"name":"Home","item":"https:\/\/clementdelpiano.com\/"},{"@type":"ListItem","position":2,"name":"Formations &#8211; Cabinet Cl\u00e9ment Delpiano"}]},{"@type":"WebSite","@id":"https:\/\/clementdelpiano.com\/#website","url":"https:\/\/clementdelpiano.com\/","name":"Maitre Clarisse SURIN","description":"Droit de la sant\u00e9","publisher":{"@id":"https:\/\/clementdelpiano.com\/#organization"},"potentialAction":[{"@type":"SearchAction","target":{"@type":"EntryPoint","urlTemplate":"https:\/\/clementdelpiano.com\/?s={search_term_string}"},"query-input":{"@type":"PropertyValueSpecification","valueRequired":true,"valueName":"search_term_string"}}],"inLanguage":"fr-FR"},{"@type":"Organization","@id":"https:\/\/clementdelpiano.com\/#organization","name":"Cabinet Clarisse SURIN","url":"https:\/\/clementdelpiano.com\/","logo":{"@type":"ImageObject","inLanguage":"fr-FR","@id":"https:\/\/clementdelpiano.com\/#\/schema\/logo\/image\/","url":"http:\/\/clementdelpiano.com\/wp-content\/uploads\/2018\/05\/Logo-clarisse-surin-classic.svg","contentUrl":"http:\/\/clementdelpiano.com\/wp-content\/uploads\/2018\/05\/Logo-clarisse-surin-classic.svg","width":1024,"height":350,"caption":"Cabinet Clarisse SURIN"},"image":{"@id":"https:\/\/clementdelpiano.com\/#\/schema\/logo\/image\/"}}]}},"_links":{"self":[{"href":"https:\/\/clementdelpiano.com\/index.php?rest_route=\/wp\/v2\/pages\/861","targetHints":{"allow":["GET"]}}],"collection":[{"href":"https:\/\/clementdelpiano.com\/index.php?rest_route=\/wp\/v2\/pages"}],"about":[{"href":"https:\/\/clementdelpiano.com\/index.php?rest_route=\/wp\/v2\/types\/page"}],"author":[{"embeddable":true,"href":"https:\/\/clementdelpiano.com\/index.php?rest_route=\/wp\/v2\/users\/1"}],"replies":[{"embeddable":true,"href":"https:\/\/clementdelpiano.com\/index.php?rest_route=%2Fwp%2Fv2%2Fcomments&post=861"}],"version-history":[{"count":3,"href":"https:\/\/clementdelpiano.com\/index.php?rest_route=\/wp\/v2\/pages\/861\/revisions"}],"predecessor-version":[{"id":864,"href":"https:\/\/clementdelpiano.com\/index.php?rest_route=\/wp\/v2\/pages\/861\/revisions\/864"}],"wp:attachment":[{"href":"https:\/\/clementdelpiano.com\/index.php?rest_route=%2Fwp%2Fv2%2Fmedia&parent=861"}],"curies":[{"name":"wp","href":"https:\/\/api.w.org\/{rel}","templated":true}]}}