{"id":852,"date":"2019-02-18T20:53:10","date_gmt":"2019-02-18T20:53:10","guid":{"rendered":"https:\/\/clementdelpiano.com\/?page_id=852"},"modified":"2019-03-21T07:58:58","modified_gmt":"2019-03-21T07:58:58","slug":"pharmacie","status":"publish","type":"page","link":"https:\/\/clementdelpiano.com\/?page_id=852","title":{"rendered":"Pharmacie &#8211; Cabinet Cl\u00e9ment Delpiano"},"content":{"rendered":"\t\t<div data-elementor-type=\"wp-post\" data-elementor-id=\"852\" class=\"elementor elementor-852\" data-elementor-post-type=\"page\">\n\t\t\t\t\t\t<section class=\"elementor-section elementor-top-section elementor-element elementor-element-1e81e808 elementor-section-content-middle elementor-section-height-min-height elementor-section-boxed elementor-section-height-default elementor-section-items-middle\" data-id=\"1e81e808\" data-element_type=\"section\" data-e-type=\"section\" data-settings=\"{&quot;background_background&quot;:&quot;classic&quot;}\">\n\t\t\t\t\t\t<div class=\"elementor-container elementor-column-gap-wide\">\n\t\t\t\t\t<div class=\"elementor-column elementor-col-33 elementor-top-column elementor-element elementor-element-6a1be9c9\" data-id=\"6a1be9c9\" data-element_type=\"column\" data-e-type=\"column\">\n\t\t\t<div class=\"elementor-widget-wrap\">\n\t\t\t\t\t\t\t<\/div>\n\t\t<\/div>\n\t\t\t\t<div class=\"elementor-column elementor-col-33 elementor-top-column elementor-element elementor-element-363e54ab\" data-id=\"363e54ab\" data-element_type=\"column\" data-e-type=\"column\">\n\t\t\t<div class=\"elementor-widget-wrap elementor-element-populated\">\n\t\t\t\t\t\t<div class=\"elementor-element elementor-element-4f063938 elementor-widget elementor-widget-image\" data-id=\"4f063938\" data-element_type=\"widget\" data-e-type=\"widget\" data-widget_type=\"image.default\">\n\t\t\t\t<div class=\"elementor-widget-container\">\n\t\t\t\t\t\t\t\t\t\t\t\t\t\t\t<img decoding=\"async\" width=\"114\" height=\"62\" src=\"https:\/\/clementdelpiano.com\/wp-content\/uploads\/2019\/01\/logo-delpiano-v2-2019.svg\" class=\"attachment-full size-full wp-image-399\" alt=\"\" \/>\t\t\t\t\t\t\t\t\t\t\t\t\t\t\t<\/div>\n\t\t\t\t<\/div>\n\t\t\t\t<div class=\"elementor-element elementor-element-27e64ca0 elementor-widget elementor-widget-heading\" data-id=\"27e64ca0\" data-element_type=\"widget\" data-e-type=\"widget\" data-widget_type=\"heading.default\">\n\t\t\t\t<div class=\"elementor-widget-container\">\n\t\t\t\t\t<h2 class=\"elementor-heading-title elementor-size-default\">Cl\u00e9ment - delpiano<\/h2>\t\t\t\t<\/div>\n\t\t\t\t<\/div>\n\t\t\t\t<div class=\"elementor-element elementor-element-30ad37e5 elementor-widget elementor-widget-heading\" data-id=\"30ad37e5\" data-element_type=\"widget\" data-e-type=\"widget\" data-widget_type=\"heading.default\">\n\t\t\t\t<div class=\"elementor-widget-container\">\n\t\t\t\t\t<h2 class=\"elementor-heading-title elementor-size-default\">Cabinet d'Avocats<\/h2>\t\t\t\t<\/div>\n\t\t\t\t<\/div>\n\t\t\t\t\t<\/div>\n\t\t<\/div>\n\t\t\t\t<div class=\"elementor-column elementor-col-33 elementor-top-column elementor-element elementor-element-4221c94\" data-id=\"4221c94\" data-element_type=\"column\" data-e-type=\"column\" data-settings=\"{&quot;background_background&quot;:&quot;classic&quot;}\">\n\t\t\t<div class=\"elementor-widget-wrap elementor-element-populated\">\n\t\t\t\t\t\t<div class=\"elementor-element elementor-element-38f3e584 e-grid-align-right elementor-hidden-phone elementor-hidden-tablet elementor-shape-rounded elementor-grid-0 elementor-widget elementor-widget-social-icons\" data-id=\"38f3e584\" data-element_type=\"widget\" data-e-type=\"widget\" data-widget_type=\"social-icons.default\">\n\t\t\t\t<div class=\"elementor-widget-container\">\n\t\t\t\t\t\t\t<div class=\"elementor-social-icons-wrapper elementor-grid\">\n\t\t\t\t\t\t\t<span class=\"elementor-grid-item\">\n\t\t\t\t\t<a class=\"elementor-icon elementor-social-icon elementor-social-icon-twitter elementor-repeater-item-5715dc9\" target=\"_blank\">\n\t\t\t\t\t\t<span class=\"elementor-screen-only\">Twitter<\/span>\n\t\t\t\t\t\t\t\t\t\t\t\t\t<i class=\"fa fa-twitter\" aria-hidden=\"true\"><\/i>\n\t\t\t\t\t\t\t\t\t\t\t<\/a>\n\t\t\t\t<\/span>\n\t\t\t\t\t<\/div>\n\t\t\t\t\t\t<\/div>\n\t\t\t\t<\/div>\n\t\t\t\t\t<\/div>\n\t\t<\/div>\n\t\t\t\t\t<\/div>\n\t\t<\/section>\n\t\t\t\t<nav class=\"elementor-section elementor-top-section elementor-element elementor-element-83fe44e elementor-section-height-full elementor-reverse-mobile elementor-section-items-top elementor-section-content-middle elementor-reverse-tablet elementor-section-boxed elementor-section-height-default\" data-id=\"83fe44e\" data-element_type=\"section\" data-e-type=\"section\" data-settings=\"{&quot;background_background&quot;:&quot;classic&quot;,&quot;shape_divider_top&quot;:&quot;curve-asymmetrical&quot;,&quot;shape_divider_bottom&quot;:&quot;waves&quot;}\">\n\t\t\t\t\t<div class=\"elementor-shape elementor-shape-top\" aria-hidden=\"true\" data-negative=\"false\">\n\t\t\t<svg xmlns=\"http:\/\/www.w3.org\/2000\/svg\" viewBox=\"0 0 1000 100\" preserveAspectRatio=\"none\">\n\t<path class=\"elementor-shape-fill\" d=\"M0,0c0,0,0,6,0,6.7c0,18,240.2,93.6,615.2,92.6C989.8,98.5,1000,25,1000,6.7c0-0.7,0-6.7,0-6.7H0z\"\/>\n<\/svg>\t\t<\/div>\n\t\t\t\t<div class=\"elementor-shape elementor-shape-bottom\" aria-hidden=\"true\" data-negative=\"false\">\n\t\t\t<svg xmlns=\"http:\/\/www.w3.org\/2000\/svg\" viewBox=\"0 0 1000 100\" preserveAspectRatio=\"none\">\n\t<path class=\"elementor-shape-fill\" d=\"M421.9,6.5c22.6-2.5,51.5,0.4,75.5,5.3c23.6,4.9,70.9,23.5,100.5,35.7c75.8,32.2,133.7,44.5,192.6,49.7\n\tc23.6,2.1,48.7,3.5,103.4-2.5c54.7-6,106.2-25.6,106.2-25.6V0H0v30.3c0,0,72,32.6,158.4,30.5c39.2-0.7,92.8-6.7,134-22.4\n\tc21.2-8.1,52.2-18.2,79.7-24.2C399.3,7.9,411.6,7.5,421.9,6.5z\"\/>\n<\/svg>\t\t<\/div>\n\t\t\t\t\t<div class=\"elementor-container elementor-column-gap-no\">\n\t\t\t\t\t<div class=\"elementor-column elementor-col-50 elementor-top-column elementor-element elementor-element-e9f6e92\" data-id=\"e9f6e92\" data-element_type=\"column\" data-e-type=\"column\" data-settings=\"{&quot;background_background&quot;:&quot;classic&quot;}\">\n\t\t\t<div class=\"elementor-widget-wrap elementor-element-populated\">\n\t\t\t\t\t\t<div class=\"elementor-element elementor-element-d7e22c0 elementor-widget elementor-widget-heading\" data-id=\"d7e22c0\" data-element_type=\"widget\" data-e-type=\"widget\" data-widget_type=\"heading.default\">\n\t\t\t\t<div class=\"elementor-widget-container\">\n\t\t\t\t\t<h2 class=\"elementor-heading-title elementor-size-default\">pharmacie<\/h2>\t\t\t\t<\/div>\n\t\t\t\t<\/div>\n\t\t\t\t<div class=\"elementor-element elementor-element-6b5f19e elementor-widget elementor-widget-heading\" data-id=\"6b5f19e\" data-element_type=\"widget\" data-e-type=\"widget\" data-widget_type=\"heading.default\">\n\t\t\t\t<div class=\"elementor-widget-container\">\n\t\t\t\t\t<h2 class=\"elementor-heading-title elementor-size-default\">Secteurs d'interventions :<\/h2>\t\t\t\t<\/div>\n\t\t\t\t<\/div>\n\t\t\t\t<div class=\"elementor-element elementor-element-375ed4b elementor-widget elementor-widget-bdt-accordion\" data-id=\"375ed4b\" data-element_type=\"widget\" data-e-type=\"widget\" data-widget_type=\"bdt-accordion.default\">\n\t\t\t\t<div class=\"elementor-widget-container\">\n\t\t\t\t\t        <div class=\"bdt-ep-accordion-container\">\r\n            <div id=\"bdt-ep-accordion-375ed4b\" class=\"bdt-ep-accordion bdt-accordion\" data-bdt-accordion=\"{&quot;collapsible&quot;:false,&quot;multiple&quot;:false,&quot;transition&quot;:&quot;ease-in-out&quot;}\" data-settings=\"{&quot;id&quot;:&quot;bdt-ep-accordion-375ed4b&quot;,&quot;activeHash&quot;:&quot;no&quot;,&quot;activeScrollspy&quot;:null,&quot;hashTopOffset&quot;:false,&quot;hashScrollspyTime&quot;:false}\">\r\n                                    <div class=\"bdt-ep-accordion-item\">\r\n                        <div class=\"bdt-ep-accordion-title bdt-accordion-title bdt-flex bdt-flex-middle bdt-flex-between\" id=\"bdt-ep-accordion-responsabilite-medicale\" data-accordion-index=\"0\" data-title=\"responsabilite-medicale\" role=\"heading\">\r\n\r\n                                                            <span class=\"bdt-ep-accordion-icon bdt-flex-align-right\" aria-hidden=\"true\">\r\n\r\n                                                                            <i class=\"bdt-ep-accordion-icon-closed fa fa-search-plus\" aria-hidden=\"true\"><\/i>\r\n                                    \r\n                                                                            <i class=\"bdt-ep-accordion-icon-opened fa fa-search-minus\" aria-hidden=\"true\"><\/i>\r\n                                    \r\n                                <\/span>\r\n                            \r\n                            <span class=\"bdt-ep-title-text bdt-flex bdt-flex-middle\">\r\n\r\n                                                                RESPONSABILITE MEDICALE                            <\/span>\r\n\r\n                        <\/div>\r\n                        <div class=\"bdt-ep-accordion-content bdt-accordion-content\">\r\n                            <p>Assistance et repr\u00e9sentation dans les proc\u00e9dures amiables et contentieuses<\/p>                        <\/div>\r\n                    <\/div>\r\n                                    <div class=\"bdt-ep-accordion-item\">\r\n                        <div class=\"bdt-ep-accordion-title bdt-accordion-title bdt-flex bdt-flex-middle bdt-flex-between\" id=\"bdt-ep-accordion-modalites-dexercice\" data-accordion-index=\"1\" data-title=\"modalites-d-exercice\" role=\"heading\">\r\n\r\n                                                            <span class=\"bdt-ep-accordion-icon bdt-flex-align-right\" aria-hidden=\"true\">\r\n\r\n                                                                            <i class=\"bdt-ep-accordion-icon-closed fa fa-search-plus\" aria-hidden=\"true\"><\/i>\r\n                                    \r\n                                                                            <i class=\"bdt-ep-accordion-icon-opened fa fa-search-minus\" aria-hidden=\"true\"><\/i>\r\n                                    \r\n                                <\/span>\r\n                            \r\n                            <span class=\"bdt-ep-title-text bdt-flex bdt-flex-middle\">\r\n\r\n                                                                MODALITES D\u2019EXERCICE                            <\/span>\r\n\r\n                        <\/div>\r\n                        <div class=\"bdt-ep-accordion-content bdt-accordion-content\">\r\n                            <p><strong>Exercice professionnel<\/strong><br \/>Autorisation (cr\u00e9ation, exercice,\u00a0etc.)<br \/>Assistance dans le choix de la structure d\u2019exercice la plus adapt\u00e9e<br \/>Contentieux ordinal<br \/>Tarification des actes<br \/>Regroupement des pharmacies<br \/>Contentieux administratif<br \/>Contentieux judiciaire<br \/>Arbitrage<\/p><p><strong>R\u00e9glementation professionnelle<\/strong> <br \/>DASRI, <br \/>Mat\u00e9riovigilance<br \/>D\u00e9ontologie<br \/>ERP \/ accessibilit\u00e9<br \/>Recommandations de bonnes pratiques<br \/>Certification ISO \/ COFRAC<\/p>                        <\/div>\r\n                    <\/div>\r\n                            <\/div>\r\n        <\/div>\r\n    \t\t\t\t<\/div>\n\t\t\t\t<\/div>\n\t\t\t\t<section class=\"elementor-section elementor-inner-section elementor-element elementor-element-7c6eefb elementor-hidden-desktop elementor-hidden-tablet elementor-hidden-phone elementor-section-boxed elementor-section-height-default elementor-section-height-default\" data-id=\"7c6eefb\" data-element_type=\"section\" data-e-type=\"section\">\n\t\t\t\t\t\t<div class=\"elementor-container elementor-column-gap-no\">\n\t\t\t\t\t<div class=\"elementor-column elementor-col-50 elementor-inner-column elementor-element elementor-element-164f9a3\" data-id=\"164f9a3\" data-element_type=\"column\" data-e-type=\"column\">\n\t\t\t<div class=\"elementor-widget-wrap\">\n\t\t\t\t\t\t\t<\/div>\n\t\t<\/div>\n\t\t\t\t<div class=\"elementor-column elementor-col-50 elementor-inner-column elementor-element elementor-element-7c5092a\" data-id=\"7c5092a\" data-element_type=\"column\" data-e-type=\"column\">\n\t\t\t<div class=\"elementor-widget-wrap elementor-element-populated\">\n\t\t\t\t\t\t<div class=\"elementor-element elementor-element-effa36c elementor-mobile-align-justify elementor-align-right elementor-widget elementor-widget-button\" data-id=\"effa36c\" data-element_type=\"widget\" data-e-type=\"widget\" data-widget_type=\"button.default\">\n\t\t\t\t<div class=\"elementor-widget-container\">\n\t\t\t\t\t\t\t\t\t<div class=\"elementor-button-wrapper\">\n\t\t\t\t\t<a class=\"elementor-button elementor-button-link elementor-size-sm\" href=\"#\">\n\t\t\t\t\t\t<span class=\"elementor-button-content-wrapper\">\n\t\t\t\t\t\t\t\t\t<span class=\"elementor-button-text\">NOUS CONSULTER<\/span>\n\t\t\t\t\t<\/span>\n\t\t\t\t\t<\/a>\n\t\t\t\t<\/div>\n\t\t\t\t\t\t\t\t<\/div>\n\t\t\t\t<\/div>\n\t\t\t\t\t<\/div>\n\t\t<\/div>\n\t\t\t\t\t<\/div>\n\t\t<\/section>\n\t\t\t\t\t<\/div>\n\t\t<\/div>\n\t\t\t\t<div class=\"elementor-column elementor-col-50 elementor-top-column elementor-element elementor-element-18053b0e\" data-id=\"18053b0e\" data-element_type=\"column\" data-e-type=\"column\">\n\t\t\t<div class=\"elementor-widget-wrap elementor-element-populated\">\n\t\t\t\t\t\t<div class=\"elementor-element elementor-element-c2b0955 elementor-widget elementor-widget-image\" data-id=\"c2b0955\" data-element_type=\"widget\" data-e-type=\"widget\" data-widget_type=\"image.default\">\n\t\t\t\t<div class=\"elementor-widget-container\">\n\t\t\t\t\t\t\t\t\t\t\t\t\t\t\t<img fetchpriority=\"high\" decoding=\"async\" width=\"1000\" height=\"1000\" src=\"https:\/\/clementdelpiano.com\/wp-content\/uploads\/2019\/01\/ICON-MENULABORATOIRE-1.svg\" class=\"attachment-full size-full wp-image-550\" alt=\"\" \/>\t\t\t\t\t\t\t\t\t\t\t\t\t\t\t<\/div>\n\t\t\t\t<\/div>\n\t\t\t\t\t<\/div>\n\t\t<\/div>\n\t\t\t\t\t<\/div>\n\t\t<\/nav>\n\t\t\t\t<\/div>\n\t\t","protected":false},"excerpt":{"rendered":"<p>Cl\u00e9ment &#8211; delpiano Cabinet d&rsquo;Avocats Twitter pharmacie Secteurs d&rsquo;interventions : RESPONSABILITE MEDICALE Assistance et repr\u00e9sentation dans les proc\u00e9dures amiables et contentieuses MODALITES D\u2019EXERCICE Exercice professionnel Autorisation (cr\u00e9ation, exercice,&nbsp;etc.) Assistance dans le choix de la structure d\u2019exercice la plus adapt\u00e9e Contentieux ordinal Tarification des actes Regroupement des pharmacies Contentieux administratif Contentieux judiciaire Arbitrage R\u00e9glementation professionnelle DASRI, [&hellip;]<\/p>\n","protected":false},"author":1,"featured_media":0,"parent":0,"menu_order":0,"comment_status":"closed","ping_status":"closed","template":"elementor_canvas","meta":{"ocean_post_layout":"full-width","ocean_both_sidebars_style":"","ocean_both_sidebars_content_width":0,"ocean_both_sidebars_sidebars_width":0,"ocean_sidebar":"0","ocean_second_sidebar":"0","ocean_disable_margins":"enable","ocean_add_body_class":"","ocean_shortcode_before_top_bar":"","ocean_shortcode_after_top_bar":"","ocean_shortcode_before_header":"","ocean_shortcode_after_header":"","ocean_has_shortcode":"","ocean_shortcode_after_title":"","ocean_shortcode_before_footer_widgets":"","ocean_shortcode_after_footer_widgets":"","ocean_shortcode_before_footer_bottom":"","ocean_shortcode_after_footer_bottom":"","ocean_display_top_bar":"default","ocean_display_header":"default","ocean_header_style":"","ocean_center_header_left_menu":"0","ocean_custom_header_template":"0","ocean_custom_logo":0,"ocean_custom_retina_logo":0,"ocean_custom_logo_max_width":0,"ocean_custom_logo_tablet_max_width":0,"ocean_custom_logo_mobile_max_width":0,"ocean_custom_logo_max_height":0,"ocean_custom_logo_tablet_max_height":0,"ocean_custom_logo_mobile_max_height":0,"ocean_header_custom_menu":"0","ocean_menu_typo_font_family":"0","ocean_menu_typo_font_subset":"","ocean_menu_typo_font_size":0,"ocean_menu_typo_font_size_tablet":0,"ocean_menu_typo_font_size_mobile":0,"ocean_menu_typo_font_size_unit":"px","ocean_menu_typo_font_weight":"","ocean_menu_typo_font_weight_tablet":"","ocean_menu_typo_font_weight_mobile":"","ocean_menu_typo_transform":"","ocean_menu_typo_transform_tablet":"","ocean_menu_typo_transform_mobile":"","ocean_menu_typo_line_height":0,"ocean_menu_typo_line_height_tablet":0,"ocean_menu_typo_line_height_mobile":0,"ocean_menu_typo_line_height_unit":"","ocean_menu_typo_spacing":0,"ocean_menu_typo_spacing_tablet":0,"ocean_menu_typo_spacing_mobile":0,"ocean_menu_typo_spacing_unit":"","ocean_menu_link_color":"","ocean_menu_link_color_hover":"","ocean_menu_link_color_active":"","ocean_menu_link_background":"","ocean_menu_link_hover_background":"","ocean_menu_link_active_background":"","ocean_menu_social_links_bg":"","ocean_menu_social_hover_links_bg":"","ocean_menu_social_links_color":"","ocean_menu_social_hover_links_color":"","ocean_disable_title":"default","ocean_disable_heading":"default","ocean_post_title":"","ocean_post_subheading":"","ocean_post_title_style":"","ocean_post_title_background_color":"","ocean_post_title_background":0,"ocean_post_title_bg_image_position":"","ocean_post_title_bg_image_attachment":"","ocean_post_title_bg_image_repeat":"","ocean_post_title_bg_image_size":"","ocean_post_title_height":0,"ocean_post_title_bg_overlay":0.5,"ocean_post_title_bg_overlay_color":"","ocean_disable_breadcrumbs":"default","ocean_breadcrumbs_color":"","ocean_breadcrumbs_separator_color":"","ocean_breadcrumbs_links_color":"","ocean_breadcrumbs_links_hover_color":"","ocean_display_footer_widgets":"default","ocean_display_footer_bottom":"default","ocean_custom_footer_template":"0","footnotes":""},"class_list":["post-852","page","type-page","status-publish","hentry","entry","owp-thumbs-layout-horizontal","owp-btn-normal","owp-tabs-layout-horizontal","has-no-thumbnails","has-product-nav"],"yoast_head":"<!-- This site is optimized with the Yoast SEO plugin v27.5 - https:\/\/yoast.com\/product\/yoast-seo-wordpress\/ -->\n<title>Pharmacie - Cabinet Cl\u00e9ment Delpiano - Cabinet Cl\u00e9ment Delpiano<\/title>\n<meta name=\"robots\" content=\"index, follow, max-snippet:-1, max-image-preview:large, max-video-preview:-1\" \/>\n<link rel=\"canonical\" href=\"https:\/\/clementdelpiano.com\/?page_id=852\" \/>\n<meta property=\"og:locale\" content=\"fr_FR\" \/>\n<meta property=\"og:type\" content=\"article\" \/>\n<meta property=\"og:title\" content=\"Pharmacie - Cabinet Cl\u00e9ment Delpiano - Cabinet Cl\u00e9ment Delpiano\" \/>\n<meta property=\"og:description\" content=\"Cl\u00e9ment &#8211; delpiano Cabinet d&rsquo;Avocats Twitter pharmacie Secteurs d&rsquo;interventions : RESPONSABILITE MEDICALE Assistance et repr\u00e9sentation dans les proc\u00e9dures amiables et contentieuses MODALITES D\u2019EXERCICE Exercice professionnel Autorisation (cr\u00e9ation, exercice,&nbsp;etc.) Assistance dans le choix de la structure d\u2019exercice la plus adapt\u00e9e Contentieux ordinal Tarification des actes Regroupement des pharmacies Contentieux administratif Contentieux judiciaire Arbitrage R\u00e9glementation professionnelle DASRI, [&hellip;]\" \/>\n<meta property=\"og:url\" content=\"https:\/\/clementdelpiano.com\/?page_id=852\" \/>\n<meta property=\"og:site_name\" content=\"Cabinet Cl\u00e9ment Delpiano\" \/>\n<meta property=\"article:modified_time\" content=\"2019-03-21T07:58:58+00:00\" \/>\n<meta property=\"og:image\" content=\"http:\/\/clementdelpiano.com\/wp-content\/uploads\/2019\/01\/logo-delpiano-v2-2019.svg\" \/>\n<meta name=\"twitter:card\" content=\"summary_large_image\" \/>\n<script type=\"application\/ld+json\" class=\"yoast-schema-graph\">{\"@context\":\"https:\\\/\\\/schema.org\",\"@graph\":[{\"@type\":\"WebPage\",\"@id\":\"https:\\\/\\\/clementdelpiano.com\\\/?page_id=852\",\"url\":\"https:\\\/\\\/clementdelpiano.com\\\/?page_id=852\",\"name\":\"Pharmacie - Cabinet Cl\u00e9ment Delpiano - Cabinet Cl\u00e9ment Delpiano\",\"isPartOf\":{\"@id\":\"https:\\\/\\\/clementdelpiano.com\\\/#website\"},\"primaryImageOfPage\":{\"@id\":\"https:\\\/\\\/clementdelpiano.com\\\/?page_id=852#primaryimage\"},\"image\":{\"@id\":\"https:\\\/\\\/clementdelpiano.com\\\/?page_id=852#primaryimage\"},\"thumbnailUrl\":\"http:\\\/\\\/clementdelpiano.com\\\/wp-content\\\/uploads\\\/2019\\\/01\\\/logo-delpiano-v2-2019.svg\",\"datePublished\":\"2019-02-18T20:53:10+00:00\",\"dateModified\":\"2019-03-21T07:58:58+00:00\",\"breadcrumb\":{\"@id\":\"https:\\\/\\\/clementdelpiano.com\\\/?page_id=852#breadcrumb\"},\"inLanguage\":\"fr-FR\",\"potentialAction\":[{\"@type\":\"ReadAction\",\"target\":[\"https:\\\/\\\/clementdelpiano.com\\\/?page_id=852\"]}]},{\"@type\":\"ImageObject\",\"inLanguage\":\"fr-FR\",\"@id\":\"https:\\\/\\\/clementdelpiano.com\\\/?page_id=852#primaryimage\",\"url\":\"https:\\\/\\\/clementdelpiano.com\\\/wp-content\\\/uploads\\\/2019\\\/01\\\/logo-delpiano-v2-2019.svg\",\"contentUrl\":\"https:\\\/\\\/clementdelpiano.com\\\/wp-content\\\/uploads\\\/2019\\\/01\\\/logo-delpiano-v2-2019.svg\"},{\"@type\":\"BreadcrumbList\",\"@id\":\"https:\\\/\\\/clementdelpiano.com\\\/?page_id=852#breadcrumb\",\"itemListElement\":[{\"@type\":\"ListItem\",\"position\":1,\"name\":\"Home\",\"item\":\"https:\\\/\\\/clementdelpiano.com\\\/\"},{\"@type\":\"ListItem\",\"position\":2,\"name\":\"Pharmacie &#8211; Cabinet Cl\u00e9ment Delpiano\"}]},{\"@type\":\"WebSite\",\"@id\":\"https:\\\/\\\/clementdelpiano.com\\\/#website\",\"url\":\"https:\\\/\\\/clementdelpiano.com\\\/\",\"name\":\"Maitre Clarisse SURIN\",\"description\":\"Droit de la sant\u00e9\",\"publisher\":{\"@id\":\"https:\\\/\\\/clementdelpiano.com\\\/#organization\"},\"potentialAction\":[{\"@type\":\"SearchAction\",\"target\":{\"@type\":\"EntryPoint\",\"urlTemplate\":\"https:\\\/\\\/clementdelpiano.com\\\/?s={search_term_string}\"},\"query-input\":{\"@type\":\"PropertyValueSpecification\",\"valueRequired\":true,\"valueName\":\"search_term_string\"}}],\"inLanguage\":\"fr-FR\"},{\"@type\":\"Organization\",\"@id\":\"https:\\\/\\\/clementdelpiano.com\\\/#organization\",\"name\":\"Cabinet Clarisse SURIN\",\"url\":\"https:\\\/\\\/clementdelpiano.com\\\/\",\"logo\":{\"@type\":\"ImageObject\",\"inLanguage\":\"fr-FR\",\"@id\":\"https:\\\/\\\/clementdelpiano.com\\\/#\\\/schema\\\/logo\\\/image\\\/\",\"url\":\"http:\\\/\\\/clementdelpiano.com\\\/wp-content\\\/uploads\\\/2018\\\/05\\\/Logo-clarisse-surin-classic.svg\",\"contentUrl\":\"http:\\\/\\\/clementdelpiano.com\\\/wp-content\\\/uploads\\\/2018\\\/05\\\/Logo-clarisse-surin-classic.svg\",\"width\":1024,\"height\":350,\"caption\":\"Cabinet Clarisse SURIN\"},\"image\":{\"@id\":\"https:\\\/\\\/clementdelpiano.com\\\/#\\\/schema\\\/logo\\\/image\\\/\"}}]}<\/script>\n<!-- \/ Yoast SEO plugin. -->","yoast_head_json":{"title":"Pharmacie - Cabinet Cl\u00e9ment Delpiano - Cabinet Cl\u00e9ment Delpiano","robots":{"index":"index","follow":"follow","max-snippet":"max-snippet:-1","max-image-preview":"max-image-preview:large","max-video-preview":"max-video-preview:-1"},"canonical":"https:\/\/clementdelpiano.com\/?page_id=852","og_locale":"fr_FR","og_type":"article","og_title":"Pharmacie - Cabinet Cl\u00e9ment Delpiano - Cabinet Cl\u00e9ment Delpiano","og_description":"Cl\u00e9ment &#8211; delpiano Cabinet d&rsquo;Avocats Twitter pharmacie Secteurs d&rsquo;interventions : RESPONSABILITE MEDICALE Assistance et repr\u00e9sentation dans les proc\u00e9dures amiables et contentieuses MODALITES D\u2019EXERCICE Exercice professionnel Autorisation (cr\u00e9ation, exercice,&nbsp;etc.) Assistance dans le choix de la structure d\u2019exercice la plus adapt\u00e9e Contentieux ordinal Tarification des actes Regroupement des pharmacies Contentieux administratif Contentieux judiciaire Arbitrage R\u00e9glementation professionnelle DASRI, [&hellip;]","og_url":"https:\/\/clementdelpiano.com\/?page_id=852","og_site_name":"Cabinet Cl\u00e9ment Delpiano","article_modified_time":"2019-03-21T07:58:58+00:00","og_image":[{"url":"http:\/\/clementdelpiano.com\/wp-content\/uploads\/2019\/01\/logo-delpiano-v2-2019.svg","type":"","width":"","height":""}],"twitter_card":"summary_large_image","schema":{"@context":"https:\/\/schema.org","@graph":[{"@type":"WebPage","@id":"https:\/\/clementdelpiano.com\/?page_id=852","url":"https:\/\/clementdelpiano.com\/?page_id=852","name":"Pharmacie - Cabinet Cl\u00e9ment Delpiano - Cabinet Cl\u00e9ment Delpiano","isPartOf":{"@id":"https:\/\/clementdelpiano.com\/#website"},"primaryImageOfPage":{"@id":"https:\/\/clementdelpiano.com\/?page_id=852#primaryimage"},"image":{"@id":"https:\/\/clementdelpiano.com\/?page_id=852#primaryimage"},"thumbnailUrl":"http:\/\/clementdelpiano.com\/wp-content\/uploads\/2019\/01\/logo-delpiano-v2-2019.svg","datePublished":"2019-02-18T20:53:10+00:00","dateModified":"2019-03-21T07:58:58+00:00","breadcrumb":{"@id":"https:\/\/clementdelpiano.com\/?page_id=852#breadcrumb"},"inLanguage":"fr-FR","potentialAction":[{"@type":"ReadAction","target":["https:\/\/clementdelpiano.com\/?page_id=852"]}]},{"@type":"ImageObject","inLanguage":"fr-FR","@id":"https:\/\/clementdelpiano.com\/?page_id=852#primaryimage","url":"https:\/\/clementdelpiano.com\/wp-content\/uploads\/2019\/01\/logo-delpiano-v2-2019.svg","contentUrl":"https:\/\/clementdelpiano.com\/wp-content\/uploads\/2019\/01\/logo-delpiano-v2-2019.svg"},{"@type":"BreadcrumbList","@id":"https:\/\/clementdelpiano.com\/?page_id=852#breadcrumb","itemListElement":[{"@type":"ListItem","position":1,"name":"Home","item":"https:\/\/clementdelpiano.com\/"},{"@type":"ListItem","position":2,"name":"Pharmacie &#8211; Cabinet Cl\u00e9ment Delpiano"}]},{"@type":"WebSite","@id":"https:\/\/clementdelpiano.com\/#website","url":"https:\/\/clementdelpiano.com\/","name":"Maitre Clarisse SURIN","description":"Droit de la sant\u00e9","publisher":{"@id":"https:\/\/clementdelpiano.com\/#organization"},"potentialAction":[{"@type":"SearchAction","target":{"@type":"EntryPoint","urlTemplate":"https:\/\/clementdelpiano.com\/?s={search_term_string}"},"query-input":{"@type":"PropertyValueSpecification","valueRequired":true,"valueName":"search_term_string"}}],"inLanguage":"fr-FR"},{"@type":"Organization","@id":"https:\/\/clementdelpiano.com\/#organization","name":"Cabinet Clarisse SURIN","url":"https:\/\/clementdelpiano.com\/","logo":{"@type":"ImageObject","inLanguage":"fr-FR","@id":"https:\/\/clementdelpiano.com\/#\/schema\/logo\/image\/","url":"http:\/\/clementdelpiano.com\/wp-content\/uploads\/2018\/05\/Logo-clarisse-surin-classic.svg","contentUrl":"http:\/\/clementdelpiano.com\/wp-content\/uploads\/2018\/05\/Logo-clarisse-surin-classic.svg","width":1024,"height":350,"caption":"Cabinet Clarisse SURIN"},"image":{"@id":"https:\/\/clementdelpiano.com\/#\/schema\/logo\/image\/"}}]}},"_links":{"self":[{"href":"https:\/\/clementdelpiano.com\/index.php?rest_route=\/wp\/v2\/pages\/852","targetHints":{"allow":["GET"]}}],"collection":[{"href":"https:\/\/clementdelpiano.com\/index.php?rest_route=\/wp\/v2\/pages"}],"about":[{"href":"https:\/\/clementdelpiano.com\/index.php?rest_route=\/wp\/v2\/types\/page"}],"author":[{"embeddable":true,"href":"https:\/\/clementdelpiano.com\/index.php?rest_route=\/wp\/v2\/users\/1"}],"replies":[{"embeddable":true,"href":"https:\/\/clementdelpiano.com\/index.php?rest_route=%2Fwp%2Fv2%2Fcomments&post=852"}],"version-history":[{"count":7,"href":"https:\/\/clementdelpiano.com\/index.php?rest_route=\/wp\/v2\/pages\/852\/revisions"}],"predecessor-version":[{"id":1019,"href":"https:\/\/clementdelpiano.com\/index.php?rest_route=\/wp\/v2\/pages\/852\/revisions\/1019"}],"wp:attachment":[{"href":"https:\/\/clementdelpiano.com\/index.php?rest_route=%2Fwp%2Fv2%2Fmedia&parent=852"}],"curies":[{"name":"wp","href":"https:\/\/api.w.org\/{rel}","templated":true}]}}