{"id":28,"date":"2018-05-16T23:50:39","date_gmt":"2018-05-16T23:50:39","guid":{"rendered":"https:\/\/clementdelpiano.com\/?page_id=28"},"modified":"2018-11-22T18:03:30","modified_gmt":"2018-11-22T18:03:30","slug":"contact-avocat","status":"publish","type":"page","link":"https:\/\/clementdelpiano.com\/?page_id=28","title":{"rendered":"Contact Avocat"},"content":{"rendered":"\t\t<div data-elementor-type=\"wp-post\" data-elementor-id=\"28\" class=\"elementor elementor-28 elementor-bc-flex-widget\" data-elementor-post-type=\"page\">\n\t\t\t\t\t\t<section class=\"elementor-section elementor-top-section elementor-element elementor-element-521dd2ed elementor-section-height-min-height elementor-section-boxed elementor-section-height-default elementor-section-items-middle\" data-id=\"521dd2ed\" data-element_type=\"section\" data-e-type=\"section\" data-settings=\"{&quot;background_background&quot;:&quot;classic&quot;}\">\n\t\t\t\t\t\t<div class=\"elementor-container elementor-column-gap-default\">\n\t\t\t\t\t<div class=\"elementor-column elementor-col-100 elementor-top-column elementor-element elementor-element-39587178\" data-id=\"39587178\" data-element_type=\"column\" data-e-type=\"column\">\n\t\t\t<div class=\"elementor-widget-wrap elementor-element-populated\">\n\t\t\t\t\t\t<div class=\"elementor-element elementor-element-286dce43 elementor-widget elementor-widget-image\" data-id=\"286dce43\" data-element_type=\"widget\" data-e-type=\"widget\" data-widget_type=\"image.default\">\n\t\t\t\t<div class=\"elementor-widget-container\">\n\t\t\t\t\t\t\t\t\t\t\t\t\t\t\t<img decoding=\"async\" width=\"131\" height=\"98\" src=\"https:\/\/clementdelpiano.com\/wp-content\/uploads\/2018\/10\/Logo-Cabinet-Delpiano.svg\" class=\"attachment-large size-large wp-image-166\" alt=\"Logo Cabinet Delpiano\" \/>\t\t\t\t\t\t\t\t\t\t\t\t\t\t\t<\/div>\n\t\t\t\t<\/div>\n\t\t\t\t<div class=\"elementor-element elementor-element-7ef89be7 elementor-widget elementor-widget-heading\" data-id=\"7ef89be7\" data-element_type=\"widget\" data-e-type=\"widget\" data-widget_type=\"heading.default\">\n\t\t\t\t<div class=\"elementor-widget-container\">\n\t\t\t\t\t<h2 class=\"elementor-heading-title elementor-size-default\">ENTR\u00e9e en relation<\/h2>\t\t\t\t<\/div>\n\t\t\t\t<\/div>\n\t\t\t\t<div class=\"elementor-element elementor-element-7e0dfd90 elementor-widget elementor-widget-text-editor\" data-id=\"7e0dfd90\" data-element_type=\"widget\" data-e-type=\"widget\" data-widget_type=\"text-editor.default\">\n\t\t\t\t<div class=\"elementor-widget-container\">\n\t\t\t\t\t\t\t\t\t<p style=\"text-align: justify;\">Nous vous assistons, vous conseillons et d\u00e9fendons vos int\u00e9r\u00eats qui que vous soyez : m\u00e9decins, h\u00f4pital, clinique, laboratoire, patient, agent public, DRH<\/p>\t\t\t\t\t\t\t\t<\/div>\n\t\t\t\t<\/div>\n\t\t\t\t<div class=\"elementor-element elementor-element-2fc1e4fa elementor-widget elementor-widget-image\" data-id=\"2fc1e4fa\" data-element_type=\"widget\" data-e-type=\"widget\" data-widget_type=\"image.default\">\n\t\t\t\t<div class=\"elementor-widget-container\">\n\t\t\t\t\t\t\t\t\t\t\t\t\t\t\t<img fetchpriority=\"high\" decoding=\"async\" width=\"453\" height=\"453\" src=\"https:\/\/clementdelpiano.com\/wp-content\/uploads\/2018\/10\/chat.svg\" class=\"attachment-full size-full wp-image-242\" alt=\"\" \/>\t\t\t\t\t\t\t\t\t\t\t\t\t\t\t<\/div>\n\t\t\t\t<\/div>\n\t\t\t\t<div class=\"elementor-element elementor-element-5277e3d elementor-widget elementor-widget-heading\" data-id=\"5277e3d\" data-element_type=\"widget\" data-e-type=\"widget\" data-widget_type=\"heading.default\">\n\t\t\t\t<div class=\"elementor-widget-container\">\n\t\t\t\t\t<h2 class=\"elementor-heading-title elementor-size-default\">CONSULTER<\/h2>\t\t\t\t<\/div>\n\t\t\t\t<\/div>\n\t\t\t\t<div class=\"elementor-element elementor-element-43195260 elementor-widget elementor-widget-text-editor\" data-id=\"43195260\" data-element_type=\"widget\" data-e-type=\"widget\" data-widget_type=\"text-editor.default\">\n\t\t\t\t<div class=\"elementor-widget-container\">\n\t\t\t\t\t\t\t\t\t<p style=\"text-align: justify;\">Nous vous invitons \u00e0 nous consulter d\u00e8s maintenant pour vos questions de conseil juridique en utilisant notre bouton de chat en ligne (en bas \u00e0 droite) pour une r\u00e9ponse rapide.<\/p>\t\t\t\t\t\t\t\t<\/div>\n\t\t\t\t<\/div>\n\t\t\t\t<div class=\"elementor-element elementor-element-4c7bba4d elementor-widget elementor-widget-image\" data-id=\"4c7bba4d\" data-element_type=\"widget\" data-e-type=\"widget\" data-widget_type=\"image.default\">\n\t\t\t\t<div class=\"elementor-widget-container\">\n\t\t\t\t\t\t\t\t\t\t\t\t\t\t\t<img decoding=\"async\" width=\"485\" height=\"485\" src=\"https:\/\/clementdelpiano.com\/wp-content\/uploads\/2018\/10\/calendar-with-a-clock-time-tools.svg\" class=\"attachment-full size-full wp-image-243\" alt=\"\" \/>\t\t\t\t\t\t\t\t\t\t\t\t\t\t\t<\/div>\n\t\t\t\t<\/div>\n\t\t\t\t<div class=\"elementor-element elementor-element-3db93f4 elementor-widget elementor-widget-heading\" data-id=\"3db93f4\" data-element_type=\"widget\" data-e-type=\"widget\" data-widget_type=\"heading.default\">\n\t\t\t\t<div class=\"elementor-widget-container\">\n\t\t\t\t\t<h2 class=\"elementor-heading-title elementor-size-default\">PRENDRE RDV<\/h2>\t\t\t\t<\/div>\n\t\t\t\t<\/div>\n\t\t\t\t<div class=\"elementor-element elementor-element-d2dd965 elementor-widget elementor-widget-text-editor\" data-id=\"d2dd965\" data-element_type=\"widget\" data-e-type=\"widget\" data-widget_type=\"text-editor.default\">\n\t\t\t\t<div class=\"elementor-widget-container\">\n\t\t\t\t\t\t\t\t\t<p style=\"text-align: justify;\">Utiliser notre formulaire de rendez-cous en ligne en cliquant ici : <strong>PRENDRE RDV<\/strong><\/p>\t\t\t\t\t\t\t\t<\/div>\n\t\t\t\t<\/div>\n\t\t\t\t<div class=\"elementor-element elementor-element-efca4ec elementor-widget elementor-widget-image\" data-id=\"efca4ec\" data-element_type=\"widget\" data-e-type=\"widget\" data-widget_type=\"image.default\">\n\t\t\t\t<div class=\"elementor-widget-container\">\n\t\t\t\t\t\t\t\t\t\t\t\t\t\t\t<img loading=\"lazy\" decoding=\"async\" width=\"512\" height=\"512\" src=\"https:\/\/clementdelpiano.com\/wp-content\/uploads\/2018\/10\/send.svg\" class=\"attachment-large size-large wp-image-246\" alt=\"\" \/>\t\t\t\t\t\t\t\t\t\t\t\t\t\t\t<\/div>\n\t\t\t\t<\/div>\n\t\t\t\t<div class=\"elementor-element elementor-element-206cf2b elementor-widget elementor-widget-heading\" data-id=\"206cf2b\" data-element_type=\"widget\" data-e-type=\"widget\" data-widget_type=\"heading.default\">\n\t\t\t\t<div class=\"elementor-widget-container\">\n\t\t\t\t\t<h2 class=\"elementor-heading-title elementor-size-default\">MESSAGE MAIL<\/h2>\t\t\t\t<\/div>\n\t\t\t\t<\/div>\n\t\t\t\t<div class=\"elementor-element elementor-element-3cbbac7 elementor-button-align-stretch elementor-widget elementor-widget-form\" data-id=\"3cbbac7\" data-element_type=\"widget\" data-e-type=\"widget\" data-settings=\"{&quot;button_width&quot;:&quot;100&quot;,&quot;step_next_label&quot;:&quot;Suivant&quot;,&quot;step_previous_label&quot;:&quot;Pr\\u00e9c\\u00e9dent&quot;,&quot;step_type&quot;:&quot;number_text&quot;,&quot;step_icon_shape&quot;:&quot;circle&quot;}\" data-widget_type=\"form.default\">\n\t\t\t\t<div class=\"elementor-widget-container\">\n\t\t\t\t\t\t\t<form class=\"elementor-form\" method=\"post\" name=\"Nouveau formulaire\" aria-label=\"Nouveau formulaire\">\n\t\t\t<input type=\"hidden\" name=\"post_id\" value=\"28\"\/>\n\t\t\t<input type=\"hidden\" name=\"form_id\" value=\"3cbbac7\"\/>\n\t\t\t<input type=\"hidden\" name=\"referer_title\" value=\"Contact Avocat - Cabinet Cl\u00e9ment Delpiano\" \/>\n\n\t\t\t\t\t\t\t<input type=\"hidden\" name=\"queried_id\" value=\"28\"\/>\n\t\t\t\n\t\t\t<div class=\"elementor-form-fields-wrapper elementor-labels-\">\n\t\t\t\t\t\t\t\t<div class=\"elementor-field-type-text elementor-field-group elementor-column elementor-field-group-name elementor-col-100\">\n\t\t\t\t\t\t\t\t\t\t\t\t<label for=\"form-field-name\" class=\"elementor-field-label elementor-screen-only\">\n\t\t\t\t\t\t\t\tNom\t\t\t\t\t\t\t<\/label>\n\t\t\t\t\t\t\t\t\t\t\t\t\t\t<input size=\"1\" type=\"text\" name=\"form_fields[name]\" id=\"form-field-name\" class=\"elementor-field elementor-size-sm  elementor-field-textual\" placeholder=\"Nom\">\n\t\t\t\t\t\t\t\t\t\t\t<\/div>\n\t\t\t\t\t\t\t\t<div class=\"elementor-field-type-email elementor-field-group elementor-column elementor-field-group-email elementor-col-100 elementor-field-required\">\n\t\t\t\t\t\t\t\t\t\t\t\t<label for=\"form-field-email\" class=\"elementor-field-label elementor-screen-only\">\n\t\t\t\t\t\t\t\tMail\t\t\t\t\t\t\t<\/label>\n\t\t\t\t\t\t\t\t\t\t\t\t\t\t<input size=\"1\" type=\"email\" name=\"form_fields[email]\" id=\"form-field-email\" class=\"elementor-field elementor-size-sm  elementor-field-textual\" placeholder=\"Mail\" required=\"required\">\n\t\t\t\t\t\t\t\t\t\t\t<\/div>\n\t\t\t\t\t\t\t\t<div class=\"elementor-field-type-textarea elementor-field-group elementor-column elementor-field-group-message elementor-col-100\">\n\t\t\t\t\t\t\t\t\t\t\t\t<label for=\"form-field-message\" class=\"elementor-field-label elementor-screen-only\">\n\t\t\t\t\t\t\t\tMessage\t\t\t\t\t\t\t<\/label>\n\t\t\t\t\t\t<textarea class=\"elementor-field-textual elementor-field  elementor-size-sm\" name=\"form_fields[message]\" id=\"form-field-message\" rows=\"4\" placeholder=\"Message\"><\/textarea>\t\t\t\t<\/div>\n\t\t\t\t\t\t\t\t<div class=\"elementor-field-group elementor-column elementor-field-type-submit elementor-col-100 e-form__buttons\">\n\t\t\t\t\t<button class=\"elementor-button elementor-size-sm\" type=\"submit\">\n\t\t\t\t\t\t<span class=\"elementor-button-content-wrapper\">\n\t\t\t\t\t\t\t\t\t\t\t\t\t\t\t\t\t\t\t\t\t\t<span class=\"elementor-button-text\">Envoyer<\/span>\n\t\t\t\t\t\t\t\t\t\t\t\t\t<\/span>\n\t\t\t\t\t<\/button>\n\t\t\t\t<\/div>\n\t\t\t<\/div>\n\t\t<\/form>\n\t\t\t\t\t\t<\/div>\n\t\t\t\t<\/div>\n\t\t\t\t\t<\/div>\n\t\t<\/div>\n\t\t\t\t\t<\/div>\n\t\t<\/section>\n\t\t\t\t<\/div>\n\t\t","protected":false},"excerpt":{"rendered":"<p>ENTR\u00e9e en relation Nous vous assistons, vous conseillons et d\u00e9fendons vos int\u00e9r\u00eats qui que vous soyez : m\u00e9decins, h\u00f4pital, clinique, laboratoire, patient, agent public, DRH CONSULTER Nous vous invitons \u00e0 nous consulter d\u00e8s maintenant pour vos questions de conseil juridique en utilisant notre bouton de chat en ligne (en bas \u00e0 droite) pour une r\u00e9ponse [&hellip;]<\/p>\n","protected":false},"author":1,"featured_media":0,"parent":0,"menu_order":0,"comment_status":"closed","ping_status":"closed","template":"elementor_canvas","meta":{"ocean_post_layout":"","ocean_both_sidebars_style":"","ocean_both_sidebars_content_width":0,"ocean_both_sidebars_sidebars_width":0,"ocean_sidebar":"","ocean_second_sidebar":"","ocean_disable_margins":"enable","ocean_add_body_class":"","ocean_shortcode_before_top_bar":"","ocean_shortcode_after_top_bar":"","ocean_shortcode_before_header":"","ocean_shortcode_after_header":"","ocean_has_shortcode":"","ocean_shortcode_after_title":"","ocean_shortcode_before_footer_widgets":"","ocean_shortcode_after_footer_widgets":"","ocean_shortcode_before_footer_bottom":"","ocean_shortcode_after_footer_bottom":"","ocean_display_top_bar":"default","ocean_display_header":"default","ocean_header_style":"","ocean_center_header_left_menu":"","ocean_custom_header_template":"","ocean_custom_logo":0,"ocean_custom_retina_logo":0,"ocean_custom_logo_max_width":0,"ocean_custom_logo_tablet_max_width":0,"ocean_custom_logo_mobile_max_width":0,"ocean_custom_logo_max_height":0,"ocean_custom_logo_tablet_max_height":0,"ocean_custom_logo_mobile_max_height":0,"ocean_header_custom_menu":"","ocean_menu_typo_font_family":"","ocean_menu_typo_font_subset":"","ocean_menu_typo_font_size":0,"ocean_menu_typo_font_size_tablet":0,"ocean_menu_typo_font_size_mobile":0,"ocean_menu_typo_font_size_unit":"px","ocean_menu_typo_font_weight":"","ocean_menu_typo_font_weight_tablet":"","ocean_menu_typo_font_weight_mobile":"","ocean_menu_typo_transform":"","ocean_menu_typo_transform_tablet":"","ocean_menu_typo_transform_mobile":"","ocean_menu_typo_line_height":0,"ocean_menu_typo_line_height_tablet":0,"ocean_menu_typo_line_height_mobile":0,"ocean_menu_typo_line_height_unit":"","ocean_menu_typo_spacing":0,"ocean_menu_typo_spacing_tablet":0,"ocean_menu_typo_spacing_mobile":0,"ocean_menu_typo_spacing_unit":"","ocean_menu_link_color":"","ocean_menu_link_color_hover":"","ocean_menu_link_color_active":"","ocean_menu_link_background":"","ocean_menu_link_hover_background":"","ocean_menu_link_active_background":"","ocean_menu_social_links_bg":"","ocean_menu_social_hover_links_bg":"","ocean_menu_social_links_color":"","ocean_menu_social_hover_links_color":"","ocean_disable_title":"default","ocean_disable_heading":"default","ocean_post_title":"","ocean_post_subheading":"","ocean_post_title_style":"","ocean_post_title_background_color":"","ocean_post_title_background":0,"ocean_post_title_bg_image_position":"","ocean_post_title_bg_image_attachment":"","ocean_post_title_bg_image_repeat":"","ocean_post_title_bg_image_size":"","ocean_post_title_height":0,"ocean_post_title_bg_overlay":0.5,"ocean_post_title_bg_overlay_color":"","ocean_disable_breadcrumbs":"default","ocean_breadcrumbs_color":"","ocean_breadcrumbs_separator_color":"","ocean_breadcrumbs_links_color":"","ocean_breadcrumbs_links_hover_color":"","ocean_display_footer_widgets":"default","ocean_display_footer_bottom":"default","ocean_custom_footer_template":"","footnotes":""},"class_list":["post-28","page","type-page","status-publish","hentry","entry","owp-thumbs-layout-horizontal","owp-btn-normal","owp-tabs-layout-horizontal","has-no-thumbnails","has-product-nav"],"yoast_head":"<!-- This site is optimized with the Yoast SEO plugin v27.5 - https:\/\/yoast.com\/product\/yoast-seo-wordpress\/ -->\n<title>Contact Avocat - Cabinet Cl\u00e9ment Delpiano<\/title>\n<meta name=\"robots\" content=\"index, follow, max-snippet:-1, max-image-preview:large, max-video-preview:-1\" \/>\n<link rel=\"canonical\" href=\"https:\/\/clementdelpiano.com\/?page_id=28\" \/>\n<meta property=\"og:locale\" content=\"fr_FR\" \/>\n<meta property=\"og:type\" content=\"article\" \/>\n<meta property=\"og:title\" content=\"Contact Avocat - Cabinet Cl\u00e9ment Delpiano\" \/>\n<meta property=\"og:description\" content=\"ENTR\u00e9e en relation Nous vous assistons, vous conseillons et d\u00e9fendons vos int\u00e9r\u00eats qui que vous soyez : m\u00e9decins, h\u00f4pital, clinique, laboratoire, patient, agent public, DRH CONSULTER Nous vous invitons \u00e0 nous consulter d\u00e8s maintenant pour vos questions de conseil juridique en utilisant notre bouton de chat en ligne (en bas \u00e0 droite) pour une r\u00e9ponse [&hellip;]\" \/>\n<meta property=\"og:url\" content=\"https:\/\/clementdelpiano.com\/?page_id=28\" \/>\n<meta property=\"og:site_name\" content=\"Cabinet Cl\u00e9ment Delpiano\" \/>\n<meta property=\"article:modified_time\" content=\"2018-11-22T18:03:30+00:00\" \/>\n<meta property=\"og:image\" content=\"http:\/\/clementdelpiano.com\/wp-content\/uploads\/2018\/10\/Logo-Cabinet-Delpiano.svg\" \/>\n<meta name=\"twitter:card\" content=\"summary_large_image\" \/>\n<script type=\"application\/ld+json\" class=\"yoast-schema-graph\">{\"@context\":\"https:\\\/\\\/schema.org\",\"@graph\":[{\"@type\":\"WebPage\",\"@id\":\"https:\\\/\\\/clementdelpiano.com\\\/?page_id=28\",\"url\":\"https:\\\/\\\/clementdelpiano.com\\\/?page_id=28\",\"name\":\"Contact Avocat - Cabinet Cl\u00e9ment Delpiano\",\"isPartOf\":{\"@id\":\"https:\\\/\\\/clementdelpiano.com\\\/#website\"},\"primaryImageOfPage\":{\"@id\":\"https:\\\/\\\/clementdelpiano.com\\\/?page_id=28#primaryimage\"},\"image\":{\"@id\":\"https:\\\/\\\/clementdelpiano.com\\\/?page_id=28#primaryimage\"},\"thumbnailUrl\":\"http:\\\/\\\/clementdelpiano.com\\\/wp-content\\\/uploads\\\/2018\\\/10\\\/Logo-Cabinet-Delpiano.svg\",\"datePublished\":\"2018-05-16T23:50:39+00:00\",\"dateModified\":\"2018-11-22T18:03:30+00:00\",\"breadcrumb\":{\"@id\":\"https:\\\/\\\/clementdelpiano.com\\\/?page_id=28#breadcrumb\"},\"inLanguage\":\"fr-FR\",\"potentialAction\":[{\"@type\":\"ReadAction\",\"target\":[\"https:\\\/\\\/clementdelpiano.com\\\/?page_id=28\"]}]},{\"@type\":\"ImageObject\",\"inLanguage\":\"fr-FR\",\"@id\":\"https:\\\/\\\/clementdelpiano.com\\\/?page_id=28#primaryimage\",\"url\":\"https:\\\/\\\/clementdelpiano.com\\\/wp-content\\\/uploads\\\/2018\\\/10\\\/Logo-Cabinet-Delpiano.svg\",\"contentUrl\":\"https:\\\/\\\/clementdelpiano.com\\\/wp-content\\\/uploads\\\/2018\\\/10\\\/Logo-Cabinet-Delpiano.svg\",\"caption\":\"Logo Cabinet Delpiano\"},{\"@type\":\"BreadcrumbList\",\"@id\":\"https:\\\/\\\/clementdelpiano.com\\\/?page_id=28#breadcrumb\",\"itemListElement\":[{\"@type\":\"ListItem\",\"position\":1,\"name\":\"Home\",\"item\":\"https:\\\/\\\/clementdelpiano.com\\\/\"},{\"@type\":\"ListItem\",\"position\":2,\"name\":\"Contact Avocat\"}]},{\"@type\":\"WebSite\",\"@id\":\"https:\\\/\\\/clementdelpiano.com\\\/#website\",\"url\":\"https:\\\/\\\/clementdelpiano.com\\\/\",\"name\":\"Maitre Clarisse SURIN\",\"description\":\"Droit de la sant\u00e9\",\"publisher\":{\"@id\":\"https:\\\/\\\/clementdelpiano.com\\\/#organization\"},\"potentialAction\":[{\"@type\":\"SearchAction\",\"target\":{\"@type\":\"EntryPoint\",\"urlTemplate\":\"https:\\\/\\\/clementdelpiano.com\\\/?s={search_term_string}\"},\"query-input\":{\"@type\":\"PropertyValueSpecification\",\"valueRequired\":true,\"valueName\":\"search_term_string\"}}],\"inLanguage\":\"fr-FR\"},{\"@type\":\"Organization\",\"@id\":\"https:\\\/\\\/clementdelpiano.com\\\/#organization\",\"name\":\"Cabinet Clarisse SURIN\",\"url\":\"https:\\\/\\\/clementdelpiano.com\\\/\",\"logo\":{\"@type\":\"ImageObject\",\"inLanguage\":\"fr-FR\",\"@id\":\"https:\\\/\\\/clementdelpiano.com\\\/#\\\/schema\\\/logo\\\/image\\\/\",\"url\":\"http:\\\/\\\/clementdelpiano.com\\\/wp-content\\\/uploads\\\/2018\\\/05\\\/Logo-clarisse-surin-classic.svg\",\"contentUrl\":\"http:\\\/\\\/clementdelpiano.com\\\/wp-content\\\/uploads\\\/2018\\\/05\\\/Logo-clarisse-surin-classic.svg\",\"width\":1024,\"height\":350,\"caption\":\"Cabinet Clarisse SURIN\"},\"image\":{\"@id\":\"https:\\\/\\\/clementdelpiano.com\\\/#\\\/schema\\\/logo\\\/image\\\/\"}}]}<\/script>\n<!-- \/ Yoast SEO plugin. -->","yoast_head_json":{"title":"Contact Avocat - Cabinet Cl\u00e9ment Delpiano","robots":{"index":"index","follow":"follow","max-snippet":"max-snippet:-1","max-image-preview":"max-image-preview:large","max-video-preview":"max-video-preview:-1"},"canonical":"https:\/\/clementdelpiano.com\/?page_id=28","og_locale":"fr_FR","og_type":"article","og_title":"Contact Avocat - Cabinet Cl\u00e9ment Delpiano","og_description":"ENTR\u00e9e en relation Nous vous assistons, vous conseillons et d\u00e9fendons vos int\u00e9r\u00eats qui que vous soyez : m\u00e9decins, h\u00f4pital, clinique, laboratoire, patient, agent public, DRH CONSULTER Nous vous invitons \u00e0 nous consulter d\u00e8s maintenant pour vos questions de conseil juridique en utilisant notre bouton de chat en ligne (en bas \u00e0 droite) pour une r\u00e9ponse [&hellip;]","og_url":"https:\/\/clementdelpiano.com\/?page_id=28","og_site_name":"Cabinet Cl\u00e9ment Delpiano","article_modified_time":"2018-11-22T18:03:30+00:00","og_image":[{"url":"http:\/\/clementdelpiano.com\/wp-content\/uploads\/2018\/10\/Logo-Cabinet-Delpiano.svg","type":"","width":"","height":""}],"twitter_card":"summary_large_image","schema":{"@context":"https:\/\/schema.org","@graph":[{"@type":"WebPage","@id":"https:\/\/clementdelpiano.com\/?page_id=28","url":"https:\/\/clementdelpiano.com\/?page_id=28","name":"Contact Avocat - Cabinet Cl\u00e9ment Delpiano","isPartOf":{"@id":"https:\/\/clementdelpiano.com\/#website"},"primaryImageOfPage":{"@id":"https:\/\/clementdelpiano.com\/?page_id=28#primaryimage"},"image":{"@id":"https:\/\/clementdelpiano.com\/?page_id=28#primaryimage"},"thumbnailUrl":"http:\/\/clementdelpiano.com\/wp-content\/uploads\/2018\/10\/Logo-Cabinet-Delpiano.svg","datePublished":"2018-05-16T23:50:39+00:00","dateModified":"2018-11-22T18:03:30+00:00","breadcrumb":{"@id":"https:\/\/clementdelpiano.com\/?page_id=28#breadcrumb"},"inLanguage":"fr-FR","potentialAction":[{"@type":"ReadAction","target":["https:\/\/clementdelpiano.com\/?page_id=28"]}]},{"@type":"ImageObject","inLanguage":"fr-FR","@id":"https:\/\/clementdelpiano.com\/?page_id=28#primaryimage","url":"https:\/\/clementdelpiano.com\/wp-content\/uploads\/2018\/10\/Logo-Cabinet-Delpiano.svg","contentUrl":"https:\/\/clementdelpiano.com\/wp-content\/uploads\/2018\/10\/Logo-Cabinet-Delpiano.svg","caption":"Logo Cabinet Delpiano"},{"@type":"BreadcrumbList","@id":"https:\/\/clementdelpiano.com\/?page_id=28#breadcrumb","itemListElement":[{"@type":"ListItem","position":1,"name":"Home","item":"https:\/\/clementdelpiano.com\/"},{"@type":"ListItem","position":2,"name":"Contact Avocat"}]},{"@type":"WebSite","@id":"https:\/\/clementdelpiano.com\/#website","url":"https:\/\/clementdelpiano.com\/","name":"Maitre Clarisse SURIN","description":"Droit de la sant\u00e9","publisher":{"@id":"https:\/\/clementdelpiano.com\/#organization"},"potentialAction":[{"@type":"SearchAction","target":{"@type":"EntryPoint","urlTemplate":"https:\/\/clementdelpiano.com\/?s={search_term_string}"},"query-input":{"@type":"PropertyValueSpecification","valueRequired":true,"valueName":"search_term_string"}}],"inLanguage":"fr-FR"},{"@type":"Organization","@id":"https:\/\/clementdelpiano.com\/#organization","name":"Cabinet Clarisse SURIN","url":"https:\/\/clementdelpiano.com\/","logo":{"@type":"ImageObject","inLanguage":"fr-FR","@id":"https:\/\/clementdelpiano.com\/#\/schema\/logo\/image\/","url":"http:\/\/clementdelpiano.com\/wp-content\/uploads\/2018\/05\/Logo-clarisse-surin-classic.svg","contentUrl":"http:\/\/clementdelpiano.com\/wp-content\/uploads\/2018\/05\/Logo-clarisse-surin-classic.svg","width":1024,"height":350,"caption":"Cabinet Clarisse SURIN"},"image":{"@id":"https:\/\/clementdelpiano.com\/#\/schema\/logo\/image\/"}}]}},"_links":{"self":[{"href":"https:\/\/clementdelpiano.com\/index.php?rest_route=\/wp\/v2\/pages\/28","targetHints":{"allow":["GET"]}}],"collection":[{"href":"https:\/\/clementdelpiano.com\/index.php?rest_route=\/wp\/v2\/pages"}],"about":[{"href":"https:\/\/clementdelpiano.com\/index.php?rest_route=\/wp\/v2\/types\/page"}],"author":[{"embeddable":true,"href":"https:\/\/clementdelpiano.com\/index.php?rest_route=\/wp\/v2\/users\/1"}],"replies":[{"embeddable":true,"href":"https:\/\/clementdelpiano.com\/index.php?rest_route=%2Fwp%2Fv2%2Fcomments&post=28"}],"version-history":[{"count":39,"href":"https:\/\/clementdelpiano.com\/index.php?rest_route=\/wp\/v2\/pages\/28\/revisions"}],"predecessor-version":[{"id":272,"href":"https:\/\/clementdelpiano.com\/index.php?rest_route=\/wp\/v2\/pages\/28\/revisions\/272"}],"wp:attachment":[{"href":"https:\/\/clementdelpiano.com\/index.php?rest_route=%2Fwp%2Fv2%2Fmedia&parent=28"}],"curies":[{"name":"wp","href":"https:\/\/api.w.org\/{rel}","templated":true}]}}