{"id":152,"date":"2019-01-29T17:43:25","date_gmt":"2019-01-29T17:43:25","guid":{"rendered":"https:\/\/clementdelpiano.com\/?page_id=152"},"modified":"2019-02-20T10:10:20","modified_gmt":"2019-02-20T10:10:20","slug":"actualites","status":"publish","type":"page","link":"https:\/\/clementdelpiano.com\/?page_id=152","title":{"rendered":"Actualit\u00e9s"},"content":{"rendered":"\t\t<div data-elementor-type=\"wp-post\" data-elementor-id=\"152\" class=\"elementor elementor-152 elementor-bc-flex-widget\" data-elementor-post-type=\"page\">\n\t\t\t\t\t\t<section class=\"elementor-section elementor-top-section elementor-element elementor-element-5aa8ccef elementor-section-content-middle elementor-section-boxed elementor-section-height-default elementor-section-height-default\" data-id=\"5aa8ccef\" data-element_type=\"section\" data-e-type=\"section\">\n\t\t\t\t\t\t<div class=\"elementor-container elementor-column-gap-wide\">\n\t\t\t\t\t<div class=\"elementor-column elementor-col-33 elementor-top-column elementor-element elementor-element-3fed8aab\" data-id=\"3fed8aab\" data-element_type=\"column\" data-e-type=\"column\">\n\t\t\t<div class=\"elementor-widget-wrap\">\n\t\t\t\t\t\t\t<\/div>\n\t\t<\/div>\n\t\t\t\t<div class=\"elementor-column elementor-col-33 elementor-top-column elementor-element elementor-element-727dc47c\" data-id=\"727dc47c\" data-element_type=\"column\" data-e-type=\"column\">\n\t\t\t<div class=\"elementor-widget-wrap elementor-element-populated\">\n\t\t\t\t\t\t<div class=\"elementor-element elementor-element-7ca3a3fd elementor-widget elementor-widget-image\" data-id=\"7ca3a3fd\" data-element_type=\"widget\" data-e-type=\"widget\" data-widget_type=\"image.default\">\n\t\t\t\t<div class=\"elementor-widget-container\">\n\t\t\t\t\t\t\t\t\t\t\t\t\t\t\t<img decoding=\"async\" width=\"114\" height=\"62\" src=\"https:\/\/clementdelpiano.com\/wp-content\/uploads\/2019\/01\/logo-delpiano-v2-2019.svg\" class=\"attachment-full size-full wp-image-399\" alt=\"\" \/>\t\t\t\t\t\t\t\t\t\t\t\t\t\t\t<\/div>\n\t\t\t\t<\/div>\n\t\t\t\t<div class=\"elementor-element elementor-element-7f9914d7 elementor-widget elementor-widget-heading\" data-id=\"7f9914d7\" data-element_type=\"widget\" data-e-type=\"widget\" data-widget_type=\"heading.default\">\n\t\t\t\t<div class=\"elementor-widget-container\">\n\t\t\t\t\t<h2 class=\"elementor-heading-title elementor-size-default\">Cl\u00e9ment - delpiano<\/h2>\t\t\t\t<\/div>\n\t\t\t\t<\/div>\n\t\t\t\t<div class=\"elementor-element elementor-element-6919d6aa elementor-widget elementor-widget-heading\" data-id=\"6919d6aa\" data-element_type=\"widget\" data-e-type=\"widget\" data-widget_type=\"heading.default\">\n\t\t\t\t<div class=\"elementor-widget-container\">\n\t\t\t\t\t<h2 class=\"elementor-heading-title elementor-size-default\">Cabinet d'Avocats<\/h2>\t\t\t\t<\/div>\n\t\t\t\t<\/div>\n\t\t\t\t\t<\/div>\n\t\t<\/div>\n\t\t\t\t<div class=\"elementor-column elementor-col-33 elementor-top-column elementor-element elementor-element-611fcc2e\" data-id=\"611fcc2e\" data-element_type=\"column\" data-e-type=\"column\">\n\t\t\t<div class=\"elementor-widget-wrap elementor-element-populated\">\n\t\t\t\t\t\t<div class=\"elementor-element elementor-element-7fbcbc2e e-grid-align-right elementor-hidden-phone elementor-shape-rounded elementor-grid-0 elementor-widget elementor-widget-social-icons\" data-id=\"7fbcbc2e\" data-element_type=\"widget\" data-e-type=\"widget\" data-widget_type=\"social-icons.default\">\n\t\t\t\t<div class=\"elementor-widget-container\">\n\t\t\t\t\t\t\t<div class=\"elementor-social-icons-wrapper elementor-grid\">\n\t\t\t\t\t\t\t<span class=\"elementor-grid-item\">\n\t\t\t\t\t<a class=\"elementor-icon elementor-social-icon elementor-social-icon-twitter elementor-repeater-item-5715dc9\" target=\"_blank\">\n\t\t\t\t\t\t<span class=\"elementor-screen-only\">Twitter<\/span>\n\t\t\t\t\t\t\t\t\t\t\t\t\t<i class=\"fa fa-twitter\" aria-hidden=\"true\"><\/i>\n\t\t\t\t\t\t\t\t\t\t\t<\/a>\n\t\t\t\t<\/span>\n\t\t\t\t\t<\/div>\n\t\t\t\t\t\t<\/div>\n\t\t\t\t<\/div>\n\t\t\t\t\t<\/div>\n\t\t<\/div>\n\t\t\t\t\t<\/div>\n\t\t<\/section>\n\t\t\t\t<section class=\"elementor-section elementor-top-section elementor-element elementor-element-24e14c4b elementor-section-full_width elementor-section-height-default elementor-section-height-default\" data-id=\"24e14c4b\" data-element_type=\"section\" data-e-type=\"section\" data-settings=\"{&quot;background_background&quot;:&quot;classic&quot;}\">\n\t\t\t\t\t\t<div class=\"elementor-container elementor-column-gap-default\">\n\t\t\t\t\t<div class=\"elementor-column elementor-col-100 elementor-top-column elementor-element elementor-element-721d6591\" data-id=\"721d6591\" data-element_type=\"column\" data-e-type=\"column\">\n\t\t\t<div class=\"elementor-widget-wrap elementor-element-populated\">\n\t\t\t\t\t\t<div class=\"elementor-element elementor-element-f73906c elementor-grid-eael-col-4 elementor-grid-tablet-eael-col-2 elementor-grid-mobile-eael-col-1 elementor-widget elementor-widget-eael-post-grid\" data-id=\"f73906c\" data-element_type=\"widget\" data-e-type=\"widget\" data-settings=\"{&quot;eael_post_grid_columns&quot;:&quot;eael-col-4&quot;,&quot;eael_post_grid_columns_tablet&quot;:&quot;eael-col-2&quot;,&quot;eael_post_grid_columns_mobile&quot;:&quot;eael-col-1&quot;}\" data-widget_type=\"eael-post-grid.default\">\n\t\t\t\t<div class=\"elementor-widget-container\">\n\t\t\t\t\t<div id=\"eael-post-grid-f73906c\" class=\"eael-post-grid-container\">\n            <div class=\"eael-post-grid eael-post-appender eael-post-appender-f73906c eael-post-grid-style-one\" data-layout-mode=\"masonry\"><article class=\"eael-grid-post  eael-post-grid-column eael-pg-post-665 category-uncategorized\" data-id=\"665\">\n        <div class=\"eael-grid-post-holder\">\n            <div class=\"eael-grid-post-holder-inner\"><div class=\"eael-entry-media\"><div class=\"eael-entry-overlay fade-in\"><i class=\"fas fa-long-arrow-alt-right\" aria-hidden=\"true\"><\/i><a href=\"https:\/\/clementdelpiano.com\/?p=665\"><\/a><\/div><div class=\"eael-entry-thumbnail \">\n                <img fetchpriority=\"high\" decoding=\"async\" width=\"600\" height=\"424\" src=\"https:\/\/clementdelpiano.com\/wp-content\/uploads\/2019\/01\/image-droit-sante-reflexion-600x424.jpg\" class=\"attachment-woocommerce_single size-woocommerce_single wp-image-660\" alt=\"\" srcset=\"https:\/\/clementdelpiano.com\/wp-content\/uploads\/2019\/01\/image-droit-sante-reflexion-600x424.jpg 600w, https:\/\/clementdelpiano.com\/wp-content\/uploads\/2019\/01\/image-droit-sante-reflexion-300x212.jpg 300w, https:\/\/clementdelpiano.com\/wp-content\/uploads\/2019\/01\/image-droit-sante-reflexion-768x543.jpg 768w, https:\/\/clementdelpiano.com\/wp-content\/uploads\/2019\/01\/image-droit-sante-reflexion-1024x724.jpg 1024w, https:\/\/clementdelpiano.com\/wp-content\/uploads\/2019\/01\/image-droit-sante-reflexion.jpg 1080w\" sizes=\"(max-width: 600px) 100vw, 600px\" \/>\n            <\/div>\n        <\/div><div class=\"eael-entry-wrapper\"><header class=\"eael-entry-header\"><h2 class=\"eael-entry-title\"><a class=\"eael-grid-post-link\" href=\"https:\/\/clementdelpiano.com\/?p=665\" title=\"A PROPOS DE LA VIOLENCE DANS LES H\u00d4PITAUX\">A PROPOS DE LA VIOLENCE DANS LES H\u00d4PITAUX<\/a><\/h2><\/header><div class=\"eael-entry-content\">\n                        <div class=\"eael-grid-post-excerpt\"><p>Qu\u2019en penser&nbsp;? Certains s\u2019en inqui\u00e8teront&nbsp;; d\u2019autres d\u00e9nonceront le caract\u00e8re excessif...<\/p><a href=\"https:\/\/clementdelpiano.com\/?p=665\" class=\"eael-post-elements-readmore-btn\">Read More<\/a><\/div>\n                    <\/div><\/div><\/div>\n        <\/div>\n    <\/article><article class=\"eael-grid-post  eael-post-grid-column eael-pg-post-199 category-uncategorized\" data-id=\"199\">\n        <div class=\"eael-grid-post-holder\">\n            <div class=\"eael-grid-post-holder-inner\"><div class=\"eael-entry-media\"><div class=\"eael-entry-overlay fade-in\"><i class=\"fas fa-long-arrow-alt-right\" aria-hidden=\"true\"><\/i><a href=\"https:\/\/clementdelpiano.com\/?p=199\"><\/a><\/div><div class=\"eael-entry-thumbnail \">\n                <img decoding=\"async\" width=\"841\" height=\"595\" src=\"https:\/\/clementdelpiano.com\/wp-content\/uploads\/2019\/01\/image-droit-sante-reflexion.svg\" class=\"attachment-woocommerce_single size-woocommerce_single wp-image-657\" alt=\"\" \/>\n            <\/div>\n        <\/div><div class=\"eael-entry-wrapper\"><header class=\"eael-entry-header\"><h2 class=\"eael-entry-title\"><a class=\"eael-grid-post-link\" href=\"https:\/\/clementdelpiano.com\/?p=199\" title=\"LA D\u00c9CISION IMPLICITE DE REJET EST-ELLE CONDAMN\u00c9E A DISPARAITRE ?\">LA D\u00c9CISION IMPLICITE DE REJET EST-ELLE CONDAMN\u00c9E A DISPARAITRE ?<\/a><\/h2><\/header><div class=\"eael-entry-content\">\n                        <div class=\"eael-grid-post-excerpt\"><p>Tout changer pour rien changer\u00a0? Telle est la question, certes...<\/p><a href=\"https:\/\/clementdelpiano.com\/?p=199\" class=\"eael-post-elements-readmore-btn\">Read More<\/a><\/div>\n                    <\/div><\/div><\/div>\n        <\/div>\n    <\/article><article class=\"eael-grid-post  eael-post-grid-column eael-pg-post-1 category-loi-numerique\" data-id=\"1\">\n        <div class=\"eael-grid-post-holder\">\n            <div class=\"eael-grid-post-holder-inner\"><div class=\"eael-entry-media\"><div class=\"eael-entry-overlay fade-in\"><i class=\"fas fa-long-arrow-alt-right\" aria-hidden=\"true\"><\/i><a href=\"https:\/\/clementdelpiano.com\/?p=1\"><\/a><\/div><div class=\"eael-entry-thumbnail \">\n                <img loading=\"lazy\" decoding=\"async\" width=\"600\" height=\"358\" src=\"https:\/\/clementdelpiano.com\/wp-content\/uploads\/2018\/05\/Fotolia_195978584_S-600x358.jpg\" class=\"attachment-woocommerce_single size-woocommerce_single wp-image-56\" alt=\"R\u00e8glement G\u00e9n\u00e9ral sur la Protection des Donn\u00e9es\" srcset=\"https:\/\/clementdelpiano.com\/wp-content\/uploads\/2018\/05\/Fotolia_195978584_S-600x358.jpg 600w, https:\/\/clementdelpiano.com\/wp-content\/uploads\/2018\/05\/Fotolia_195978584_S-300x179.jpg 300w, https:\/\/clementdelpiano.com\/wp-content\/uploads\/2018\/05\/Fotolia_195978584_S-768x459.jpg 768w, https:\/\/clementdelpiano.com\/wp-content\/uploads\/2018\/05\/Fotolia_195978584_S.jpg 896w\" sizes=\"(max-width: 600px) 100vw, 600px\" \/>\n            <\/div>\n        <\/div><div class=\"eael-entry-wrapper\"><header class=\"eael-entry-header\"><h2 class=\"eael-entry-title\"><a class=\"eael-grid-post-link\" href=\"https:\/\/clementdelpiano.com\/?p=1\" title=\"R\u00e8glement G\u00e9n\u00e9ral sur la Protection des Donn\u00e9es \u2013 25 mai 2018 : pr\u00e9parez-vous\">R\u00e8glement G\u00e9n\u00e9ral sur la Protection des Donn\u00e9es \u2013 25 mai 2018 : pr\u00e9parez-vous<\/a><\/h2><\/header><div class=\"eael-entry-content\">\n                        <div class=\"eael-grid-post-excerpt\"><p>Cybers\u00e9curit\u00e9 : s\u2019y pr\u00e9parer Une\u00a0\u00e9tude toute r\u00e9cente qui s\u2019est d\u00e9roul\u00e9e...<\/p><a href=\"https:\/\/clementdelpiano.com\/?p=1\" class=\"eael-post-elements-readmore-btn\">Read More<\/a><\/div>\n                    <\/div><\/div><\/div>\n        <\/div>\n    <\/article><\/div>\n            <div class=\"clearfix\"><\/div>\n        <\/div>\t\t\t\t<\/div>\n\t\t\t\t<\/div>\n\t\t\t\t\t<\/div>\n\t\t<\/div>\n\t\t\t\t\t<\/div>\n\t\t<\/section>\n\t\t\t\t<\/div>\n\t\t","protected":false},"excerpt":{"rendered":"<p>Cl\u00e9ment &#8211; delpiano Cabinet d&rsquo;Avocats Twitter A PROPOS DE LA VIOLENCE DANS LES H\u00d4PITAUX Qu\u2019en penser&nbsp;? Certains s\u2019en inqui\u00e8teront&nbsp;; d\u2019autres d\u00e9nonceront le caract\u00e8re excessif \u2026 LA D\u00c9CISION IMPLICITE DE REJET EST-ELLE CONDAMN\u00c9E A DISPARAITRE ? Tout changer pour rien changer\u00a0? Telle est la question, certes \u2026 R\u00e8glement G\u00e9n\u00e9ral sur la Protection des Donn\u00e9es \u2013 25 [&hellip;]<\/p>\n","protected":false},"author":1,"featured_media":0,"parent":0,"menu_order":0,"comment_status":"closed","ping_status":"closed","template":"elementor_canvas","meta":{"ocean_post_layout":"","ocean_both_sidebars_style":"","ocean_both_sidebars_content_width":0,"ocean_both_sidebars_sidebars_width":0,"ocean_sidebar":"","ocean_second_sidebar":"","ocean_disable_margins":"enable","ocean_add_body_class":"","ocean_shortcode_before_top_bar":"","ocean_shortcode_after_top_bar":"","ocean_shortcode_before_header":"","ocean_shortcode_after_header":"","ocean_has_shortcode":"","ocean_shortcode_after_title":"","ocean_shortcode_before_footer_widgets":"","ocean_shortcode_after_footer_widgets":"","ocean_shortcode_before_footer_bottom":"","ocean_shortcode_after_footer_bottom":"","ocean_display_top_bar":"default","ocean_display_header":"default","ocean_header_style":"","ocean_center_header_left_menu":"","ocean_custom_header_template":"","ocean_custom_logo":0,"ocean_custom_retina_logo":0,"ocean_custom_logo_max_width":0,"ocean_custom_logo_tablet_max_width":0,"ocean_custom_logo_mobile_max_width":0,"ocean_custom_logo_max_height":0,"ocean_custom_logo_tablet_max_height":0,"ocean_custom_logo_mobile_max_height":0,"ocean_header_custom_menu":"","ocean_menu_typo_font_family":"","ocean_menu_typo_font_subset":"","ocean_menu_typo_font_size":0,"ocean_menu_typo_font_size_tablet":0,"ocean_menu_typo_font_size_mobile":0,"ocean_menu_typo_font_size_unit":"px","ocean_menu_typo_font_weight":"","ocean_menu_typo_font_weight_tablet":"","ocean_menu_typo_font_weight_mobile":"","ocean_menu_typo_transform":"","ocean_menu_typo_transform_tablet":"","ocean_menu_typo_transform_mobile":"","ocean_menu_typo_line_height":0,"ocean_menu_typo_line_height_tablet":0,"ocean_menu_typo_line_height_mobile":0,"ocean_menu_typo_line_height_unit":"","ocean_menu_typo_spacing":0,"ocean_menu_typo_spacing_tablet":0,"ocean_menu_typo_spacing_mobile":0,"ocean_menu_typo_spacing_unit":"","ocean_menu_link_color":"","ocean_menu_link_color_hover":"","ocean_menu_link_color_active":"","ocean_menu_link_background":"","ocean_menu_link_hover_background":"","ocean_menu_link_active_background":"","ocean_menu_social_links_bg":"","ocean_menu_social_hover_links_bg":"","ocean_menu_social_links_color":"","ocean_menu_social_hover_links_color":"","ocean_disable_title":"default","ocean_disable_heading":"default","ocean_post_title":"","ocean_post_subheading":"","ocean_post_title_style":"","ocean_post_title_background_color":"","ocean_post_title_background":0,"ocean_post_title_bg_image_position":"","ocean_post_title_bg_image_attachment":"","ocean_post_title_bg_image_repeat":"","ocean_post_title_bg_image_size":"","ocean_post_title_height":0,"ocean_post_title_bg_overlay":0.5,"ocean_post_title_bg_overlay_color":"","ocean_disable_breadcrumbs":"default","ocean_breadcrumbs_color":"","ocean_breadcrumbs_separator_color":"","ocean_breadcrumbs_links_color":"","ocean_breadcrumbs_links_hover_color":"","ocean_display_footer_widgets":"default","ocean_display_footer_bottom":"default","ocean_custom_footer_template":"","footnotes":""},"class_list":["post-152","page","type-page","status-publish","hentry","entry","has-media","owp-thumbs-layout-horizontal","owp-btn-normal","owp-tabs-layout-horizontal","has-no-thumbnails","has-product-nav"],"yoast_head":"<!-- This site is optimized with the Yoast SEO plugin v27.5 - https:\/\/yoast.com\/product\/yoast-seo-wordpress\/ -->\n<title>Actualit\u00e9s - Cabinet Cl\u00e9ment Delpiano<\/title>\n<meta name=\"robots\" content=\"index, follow, max-snippet:-1, max-image-preview:large, max-video-preview:-1\" \/>\n<link rel=\"canonical\" href=\"https:\/\/clementdelpiano.com\/?page_id=152\" \/>\n<meta property=\"og:locale\" content=\"fr_FR\" \/>\n<meta property=\"og:type\" content=\"article\" \/>\n<meta property=\"og:title\" content=\"Actualit\u00e9s - Cabinet Cl\u00e9ment Delpiano\" \/>\n<meta property=\"og:description\" content=\"Cl\u00e9ment &#8211; delpiano Cabinet d&rsquo;Avocats Twitter A PROPOS DE LA VIOLENCE DANS LES H\u00d4PITAUX Qu\u2019en penser&nbsp;? Certains s\u2019en inqui\u00e8teront&nbsp;; d\u2019autres d\u00e9nonceront le caract\u00e8re excessif \u2026 LA D\u00c9CISION IMPLICITE DE REJET EST-ELLE CONDAMN\u00c9E A DISPARAITRE ? Tout changer pour rien changer\u00a0? Telle est la question, certes \u2026 R\u00e8glement G\u00e9n\u00e9ral sur la Protection des Donn\u00e9es \u2013 25 [&hellip;]\" \/>\n<meta property=\"og:url\" content=\"https:\/\/clementdelpiano.com\/?page_id=152\" \/>\n<meta property=\"og:site_name\" content=\"Cabinet Cl\u00e9ment Delpiano\" \/>\n<meta property=\"article:modified_time\" content=\"2019-02-20T10:10:20+00:00\" \/>\n<meta property=\"og:image\" content=\"http:\/\/clementdelpiano.com\/wp-content\/uploads\/2019\/01\/logo-delpiano-v2-2019.svg\" \/>\n<meta name=\"twitter:card\" content=\"summary_large_image\" \/>\n<script type=\"application\/ld+json\" class=\"yoast-schema-graph\">{\"@context\":\"https:\\\/\\\/schema.org\",\"@graph\":[{\"@type\":\"WebPage\",\"@id\":\"https:\\\/\\\/clementdelpiano.com\\\/?page_id=152\",\"url\":\"https:\\\/\\\/clementdelpiano.com\\\/?page_id=152\",\"name\":\"Actualit\u00e9s - Cabinet Cl\u00e9ment Delpiano\",\"isPartOf\":{\"@id\":\"https:\\\/\\\/clementdelpiano.com\\\/#website\"},\"primaryImageOfPage\":{\"@id\":\"https:\\\/\\\/clementdelpiano.com\\\/?page_id=152#primaryimage\"},\"image\":{\"@id\":\"https:\\\/\\\/clementdelpiano.com\\\/?page_id=152#primaryimage\"},\"thumbnailUrl\":\"http:\\\/\\\/clementdelpiano.com\\\/wp-content\\\/uploads\\\/2019\\\/01\\\/logo-delpiano-v2-2019.svg\",\"datePublished\":\"2019-01-29T17:43:25+00:00\",\"dateModified\":\"2019-02-20T10:10:20+00:00\",\"breadcrumb\":{\"@id\":\"https:\\\/\\\/clementdelpiano.com\\\/?page_id=152#breadcrumb\"},\"inLanguage\":\"fr-FR\",\"potentialAction\":[{\"@type\":\"ReadAction\",\"target\":[\"https:\\\/\\\/clementdelpiano.com\\\/?page_id=152\"]}]},{\"@type\":\"ImageObject\",\"inLanguage\":\"fr-FR\",\"@id\":\"https:\\\/\\\/clementdelpiano.com\\\/?page_id=152#primaryimage\",\"url\":\"https:\\\/\\\/clementdelpiano.com\\\/wp-content\\\/uploads\\\/2019\\\/01\\\/logo-delpiano-v2-2019.svg\",\"contentUrl\":\"https:\\\/\\\/clementdelpiano.com\\\/wp-content\\\/uploads\\\/2019\\\/01\\\/logo-delpiano-v2-2019.svg\"},{\"@type\":\"BreadcrumbList\",\"@id\":\"https:\\\/\\\/clementdelpiano.com\\\/?page_id=152#breadcrumb\",\"itemListElement\":[{\"@type\":\"ListItem\",\"position\":1,\"name\":\"Home\",\"item\":\"https:\\\/\\\/clementdelpiano.com\\\/\"},{\"@type\":\"ListItem\",\"position\":2,\"name\":\"Actualit\u00e9s\"}]},{\"@type\":\"WebSite\",\"@id\":\"https:\\\/\\\/clementdelpiano.com\\\/#website\",\"url\":\"https:\\\/\\\/clementdelpiano.com\\\/\",\"name\":\"Maitre Clarisse SURIN\",\"description\":\"Droit de la sant\u00e9\",\"publisher\":{\"@id\":\"https:\\\/\\\/clementdelpiano.com\\\/#organization\"},\"potentialAction\":[{\"@type\":\"SearchAction\",\"target\":{\"@type\":\"EntryPoint\",\"urlTemplate\":\"https:\\\/\\\/clementdelpiano.com\\\/?s={search_term_string}\"},\"query-input\":{\"@type\":\"PropertyValueSpecification\",\"valueRequired\":true,\"valueName\":\"search_term_string\"}}],\"inLanguage\":\"fr-FR\"},{\"@type\":\"Organization\",\"@id\":\"https:\\\/\\\/clementdelpiano.com\\\/#organization\",\"name\":\"Cabinet Clarisse SURIN\",\"url\":\"https:\\\/\\\/clementdelpiano.com\\\/\",\"logo\":{\"@type\":\"ImageObject\",\"inLanguage\":\"fr-FR\",\"@id\":\"https:\\\/\\\/clementdelpiano.com\\\/#\\\/schema\\\/logo\\\/image\\\/\",\"url\":\"http:\\\/\\\/clementdelpiano.com\\\/wp-content\\\/uploads\\\/2018\\\/05\\\/Logo-clarisse-surin-classic.svg\",\"contentUrl\":\"http:\\\/\\\/clementdelpiano.com\\\/wp-content\\\/uploads\\\/2018\\\/05\\\/Logo-clarisse-surin-classic.svg\",\"width\":1024,\"height\":350,\"caption\":\"Cabinet Clarisse SURIN\"},\"image\":{\"@id\":\"https:\\\/\\\/clementdelpiano.com\\\/#\\\/schema\\\/logo\\\/image\\\/\"}}]}<\/script>\n<!-- \/ Yoast SEO plugin. -->","yoast_head_json":{"title":"Actualit\u00e9s - Cabinet Cl\u00e9ment Delpiano","robots":{"index":"index","follow":"follow","max-snippet":"max-snippet:-1","max-image-preview":"max-image-preview:large","max-video-preview":"max-video-preview:-1"},"canonical":"https:\/\/clementdelpiano.com\/?page_id=152","og_locale":"fr_FR","og_type":"article","og_title":"Actualit\u00e9s - Cabinet Cl\u00e9ment Delpiano","og_description":"Cl\u00e9ment &#8211; delpiano Cabinet d&rsquo;Avocats Twitter A PROPOS DE LA VIOLENCE DANS LES H\u00d4PITAUX Qu\u2019en penser&nbsp;? Certains s\u2019en inqui\u00e8teront&nbsp;; d\u2019autres d\u00e9nonceront le caract\u00e8re excessif \u2026 LA D\u00c9CISION IMPLICITE DE REJET EST-ELLE CONDAMN\u00c9E A DISPARAITRE ? Tout changer pour rien changer\u00a0? Telle est la question, certes \u2026 R\u00e8glement G\u00e9n\u00e9ral sur la Protection des Donn\u00e9es \u2013 25 [&hellip;]","og_url":"https:\/\/clementdelpiano.com\/?page_id=152","og_site_name":"Cabinet Cl\u00e9ment Delpiano","article_modified_time":"2019-02-20T10:10:20+00:00","og_image":[{"url":"http:\/\/clementdelpiano.com\/wp-content\/uploads\/2019\/01\/logo-delpiano-v2-2019.svg","type":"","width":"","height":""}],"twitter_card":"summary_large_image","schema":{"@context":"https:\/\/schema.org","@graph":[{"@type":"WebPage","@id":"https:\/\/clementdelpiano.com\/?page_id=152","url":"https:\/\/clementdelpiano.com\/?page_id=152","name":"Actualit\u00e9s - Cabinet Cl\u00e9ment Delpiano","isPartOf":{"@id":"https:\/\/clementdelpiano.com\/#website"},"primaryImageOfPage":{"@id":"https:\/\/clementdelpiano.com\/?page_id=152#primaryimage"},"image":{"@id":"https:\/\/clementdelpiano.com\/?page_id=152#primaryimage"},"thumbnailUrl":"http:\/\/clementdelpiano.com\/wp-content\/uploads\/2019\/01\/logo-delpiano-v2-2019.svg","datePublished":"2019-01-29T17:43:25+00:00","dateModified":"2019-02-20T10:10:20+00:00","breadcrumb":{"@id":"https:\/\/clementdelpiano.com\/?page_id=152#breadcrumb"},"inLanguage":"fr-FR","potentialAction":[{"@type":"ReadAction","target":["https:\/\/clementdelpiano.com\/?page_id=152"]}]},{"@type":"ImageObject","inLanguage":"fr-FR","@id":"https:\/\/clementdelpiano.com\/?page_id=152#primaryimage","url":"https:\/\/clementdelpiano.com\/wp-content\/uploads\/2019\/01\/logo-delpiano-v2-2019.svg","contentUrl":"https:\/\/clementdelpiano.com\/wp-content\/uploads\/2019\/01\/logo-delpiano-v2-2019.svg"},{"@type":"BreadcrumbList","@id":"https:\/\/clementdelpiano.com\/?page_id=152#breadcrumb","itemListElement":[{"@type":"ListItem","position":1,"name":"Home","item":"https:\/\/clementdelpiano.com\/"},{"@type":"ListItem","position":2,"name":"Actualit\u00e9s"}]},{"@type":"WebSite","@id":"https:\/\/clementdelpiano.com\/#website","url":"https:\/\/clementdelpiano.com\/","name":"Maitre Clarisse SURIN","description":"Droit de la sant\u00e9","publisher":{"@id":"https:\/\/clementdelpiano.com\/#organization"},"potentialAction":[{"@type":"SearchAction","target":{"@type":"EntryPoint","urlTemplate":"https:\/\/clementdelpiano.com\/?s={search_term_string}"},"query-input":{"@type":"PropertyValueSpecification","valueRequired":true,"valueName":"search_term_string"}}],"inLanguage":"fr-FR"},{"@type":"Organization","@id":"https:\/\/clementdelpiano.com\/#organization","name":"Cabinet Clarisse SURIN","url":"https:\/\/clementdelpiano.com\/","logo":{"@type":"ImageObject","inLanguage":"fr-FR","@id":"https:\/\/clementdelpiano.com\/#\/schema\/logo\/image\/","url":"http:\/\/clementdelpiano.com\/wp-content\/uploads\/2018\/05\/Logo-clarisse-surin-classic.svg","contentUrl":"http:\/\/clementdelpiano.com\/wp-content\/uploads\/2018\/05\/Logo-clarisse-surin-classic.svg","width":1024,"height":350,"caption":"Cabinet Clarisse SURIN"},"image":{"@id":"https:\/\/clementdelpiano.com\/#\/schema\/logo\/image\/"}}]}},"_links":{"self":[{"href":"https:\/\/clementdelpiano.com\/index.php?rest_route=\/wp\/v2\/pages\/152","targetHints":{"allow":["GET"]}}],"collection":[{"href":"https:\/\/clementdelpiano.com\/index.php?rest_route=\/wp\/v2\/pages"}],"about":[{"href":"https:\/\/clementdelpiano.com\/index.php?rest_route=\/wp\/v2\/types\/page"}],"author":[{"embeddable":true,"href":"https:\/\/clementdelpiano.com\/index.php?rest_route=\/wp\/v2\/users\/1"}],"replies":[{"embeddable":true,"href":"https:\/\/clementdelpiano.com\/index.php?rest_route=%2Fwp%2Fv2%2Fcomments&post=152"}],"version-history":[{"count":17,"href":"https:\/\/clementdelpiano.com\/index.php?rest_route=\/wp\/v2\/pages\/152\/revisions"}],"predecessor-version":[{"id":908,"href":"https:\/\/clementdelpiano.com\/index.php?rest_route=\/wp\/v2\/pages\/152\/revisions\/908"}],"wp:attachment":[{"href":"https:\/\/clementdelpiano.com\/index.php?rest_route=%2Fwp%2Fv2%2Fmedia&parent=152"}],"curies":[{"name":"wp","href":"https:\/\/api.w.org\/{rel}","templated":true}]}}